{"id":726,"date":"2024-04-16T13:07:14","date_gmt":"2024-04-16T16:07:14","guid":{"rendered":"http:\/\/juridico.sorocaba.sp.gov.br\/pgm\/?page_id=726"},"modified":"2026-03-13T12:07:59","modified_gmt":"2026-03-13T15:07:59","slug":"cartilhas-e-outras-publicacoes","status":"publish","type":"page","link":"https:\/\/juridico.sorocaba.sp.gov.br\/pgm\/cartilhas-e-outras-publicacoes\/","title":{"rendered":"Cartilhas e outras publica\u00e7\u00f5es"},"content":{"rendered":"<h4><strong><span style=\"color: #800000\">\u25ba\u00a0<\/span><\/strong><strong><span style=\"color: #800000\"><a href=\"http:\/\/juridico.sorocaba.sp.gov.br\/pgm\/wp-content\/uploads\/sites\/3\/2024\/04\/contagem-de-prazos-processuais-resoluco-n-455-de-27-de-abril-de-2022-4-1.pdf\">Contagem de Prazos Processuais &#8211; Resolu\u00e7\u00e3o n\u00ba. 455, de 27 de abril de 2022 (4)<\/a><\/span><\/strong><\/h4>\n<h4><img loading=\"lazy\" decoding=\"async\" class=\"alignnone size-medium wp-image-1693\" src=\"http:\/\/juridico.sorocaba.sp.gov.br\/pgm\/wp-content\/uploads\/sites\/3\/2024\/04\/cartilha-res-455-do-cnj-prazos-processuais-424x300.png\" alt=\"Cartilha - Res. 455 do CNJ - Prazos Processuais.\" width=\"424\" height=\"300\" srcset=\"https:\/\/juridico.sorocaba.sp.gov.br\/pgm\/wp-content\/uploads\/sites\/3\/2024\/04\/cartilha-res-455-do-cnj-prazos-processuais-424x300.png 424w, https:\/\/juridico.sorocaba.sp.gov.br\/pgm\/wp-content\/uploads\/sites\/3\/2024\/04\/cartilha-res-455-do-cnj-prazos-processuais-768x543.png 768w, https:\/\/juridico.sorocaba.sp.gov.br\/pgm\/wp-content\/uploads\/sites\/3\/2024\/04\/cartilha-res-455-do-cnj-prazos-processuais-970x686.png 970w\" sizes=\"auto, (max-width: 424px) 100vw, 424px\" \/><\/h4>\n<h4><\/h4>\n<h4><\/h4>\n<h4><strong><span style=\"color: #800000\">\u25ba\u00a0<a style=\"color: #800000\" href=\"http:\/\/juridico.sorocaba.sp.gov.br\/pgm\/wp-content\/uploads\/sites\/3\/2024\/04\/cartilha-tema-n-1118-do-stf.pdf\">Cartilha &#8211; Tema n.\u00ba 1118 do STF<\/a>\u00a0<\/span><\/strong><\/h4>\n<p>&nbsp;<\/p>\n<h4><strong><span style=\"color: #800000\"><a href=\"http:\/\/juridico.sorocaba.sp.gov.br\/pgm\/wp-content\/uploads\/sites\/3\/2024\/04\/cartilha-tema-n-1118-do-stf.pdf\"><img loading=\"lazy\" decoding=\"async\" class=\"alignnone wp-image-1598\" src=\"http:\/\/juridico.sorocaba.sp.gov.br\/pgm\/wp-content\/uploads\/sites\/3\/2024\/04\/tema-n-1118-do-stf-1-424x300.jpg\" alt=\"Tema n.\u00ba 1118 do STF\" width=\"296\" height=\"210\" srcset=\"https:\/\/juridico.sorocaba.sp.gov.br\/pgm\/wp-content\/uploads\/sites\/3\/2024\/04\/tema-n-1118-do-stf-1-424x300.jpg 424w, https:\/\/juridico.sorocaba.sp.gov.br\/pgm\/wp-content\/uploads\/sites\/3\/2024\/04\/tema-n-1118-do-stf-1-768x543.jpg 768w, https:\/\/juridico.sorocaba.sp.gov.br\/pgm\/wp-content\/uploads\/sites\/3\/2024\/04\/tema-n-1118-do-stf-1-970x686.jpg 970w\" sizes=\"auto, (max-width: 296px) 100vw, 296px\" \/><\/a><\/span><\/strong><\/h4>\n<h4><\/h4>\n<p>&nbsp;<\/p>\n<h4><strong><span style=\"color: #800000\">\u25ba <a style=\"color: #800000\" href=\"http:\/\/juridico.sorocaba.sp.gov.br\/pgm\/wp-content\/uploads\/sites\/3\/2024\/04\/cartilha-6-edico-medicamentos-no-incorporados-ao-suscompressed-1.pdf\">Cartilha &#8211; Concess\u00e3o Judicial de Medicamentos N\u00e3o Incorporados ao SUS &#8211; 6\u00aa Edi\u00e7\u00e3o<\/a><\/span><\/strong><\/h4>\n<p>&nbsp;<\/p>\n<h4><strong><span style=\"color: #800000\"> <a href=\"http:\/\/juridico.sorocaba.sp.gov.br\/pgm\/wp-content\/uploads\/sites\/3\/2024\/04\/cartilha-05-concesso-judicial-de-medicamentos-no-incorporados-ao-sus-4-edico.pdf\"><img loading=\"lazy\" decoding=\"async\" class=\"alignnone\" src=\"http:\/\/juridico.sorocaba.sp.gov.br\/pgm\/wp-content\/uploads\/sites\/3\/2024\/04\/concesso-judicial-de-medicamentos-no-incorporados-ao-sus-2-424x300.jpg\" alt=\"Concess\u00e3o Judicial de Medicamentos N\u00e3o Incorporados ao SUS\" width=\"300\" height=\"212\" \/><\/a><\/span><\/strong><\/h4>\n<p>&nbsp;<\/p>\n<h4><strong><span style=\"color: #800000\"> \u00a0<\/span><\/strong><br \/>\n<strong><span style=\"color: #800000\"> \u25ba\u00a0<a style=\"color: #800000\" href=\"http:\/\/juridico.sorocaba.sp.gov.br\/pgm\/wp-content\/uploads\/sites\/3\/2024\/04\/cartilha-04-lei-n-14965-de-2024.pdf\">Cartilha &#8211; Normas Gerais para Concursos P\u00fablicos &#8211;\u00a0 Lei N. 14.965 de 2024<\/a>\u00a0<\/span><\/strong><\/h4>\n<p>&nbsp;<\/p>\n<h4><strong><a href=\"http:\/\/juridico.sorocaba.sp.gov.br\/pgm\/wp-content\/uploads\/sites\/3\/2024\/04\/cartilha-04-lei-n-14965-de-2024.pdf\"><img loading=\"lazy\" decoding=\"async\" class=\"alignnone wp-image-1146 size-medium\" src=\"http:\/\/juridico.sorocaba.sp.gov.br\/pgm\/wp-content\/uploads\/sites\/3\/2024\/04\/cartilha-lei-n-14965-de-2024-0001-212x300.jpg\" alt=\"Cartilha - Lei N. 14.965 de 2024-0001\" width=\"212\" height=\"300\" srcset=\"https:\/\/juridico.sorocaba.sp.gov.br\/pgm\/wp-content\/uploads\/sites\/3\/2024\/04\/cartilha-lei-n-14965-de-2024-0001-212x300.jpg 212w, https:\/\/juridico.sorocaba.sp.gov.br\/pgm\/wp-content\/uploads\/sites\/3\/2024\/04\/cartilha-lei-n-14965-de-2024-0001-768x1086.jpg 768w, https:\/\/juridico.sorocaba.sp.gov.br\/pgm\/wp-content\/uploads\/sites\/3\/2024\/04\/cartilha-lei-n-14965-de-2024-0001-724x1024.jpg 724w, https:\/\/juridico.sorocaba.sp.gov.br\/pgm\/wp-content\/uploads\/sites\/3\/2024\/04\/cartilha-lei-n-14965-de-2024-0001.jpg 1241w\" sizes=\"auto, (max-width: 212px) 100vw, 212px\" \/><\/a><\/strong><\/h4>\n<p>&nbsp;<\/p>\n<h4><strong><span style=\"color: #800000\"> \u00a0<\/span><\/strong><br \/>\n<strong><span style=\"color: #800000\"> \u25ba\u00a0<a style=\"color: #800000\" href=\"http:\/\/juridico.sorocaba.sp.gov.br\/pgm\/wp-content\/uploads\/sites\/3\/2024\/04\/cartilha-restrices-financeiras-no-ultimo-ano-de-mandato-lrf-2024.pdf\">Cartilha &#8211; Restri\u00e7\u00f5es financeiras no \u00faltimo ano de mandato &#8211; LRF (2024)<\/a>\u00a0<\/span><\/strong><\/h4>\n<p>&nbsp;<\/p>\n<h4><strong><span style=\"color: #800000\"> <a style=\"color: #800000\" href=\"http:\/\/juridico.sorocaba.sp.gov.br\/pgm\/wp-content\/uploads\/sites\/3\/2024\/04\/cartilha-restrices-financeiras-no-ultimo-ano-de-mandato-lrf-2024.pdf\"><img loading=\"lazy\" decoding=\"async\" class=\"alignnone\" src=\"http:\/\/juridico.sorocaba.sp.gov.br\/pgm\/wp-content\/uploads\/sites\/3\/2024\/04\/cartilha-restrices-financeiras-no-ultimo-ano-de-mandato-lrf-2024-208x300.jpg\" alt=\"Cartilha - Restri\u00e7\u00f5es financeiras no \u00faltimo ano de mandato - LRF (2024)\" width=\"208\" height=\"300\" \/><\/a><\/span><\/strong><\/h4>\n<p>&nbsp;<\/p>\n<h4><strong><span style=\"color: #800000\"> \u00a0<\/span><\/strong><br \/>\n<strong><span style=\"color: #800000\"> \u25ba\u00a0<a style=\"color: #800000\" href=\"http:\/\/juridico.sorocaba.sp.gov.br\/pgm\/wp-content\/uploads\/sites\/3\/2024\/04\/resumo-restrices-financeiras-no-ultimo-ano-de-mandato-lrf-1-pagina-2024.pdf\">Resumo &#8211; Restri\u00e7\u00f5es financeiras no \u00faltimo ano de mandato &#8211; LRF &#8211; 1 p\u00e1gina (2024)<\/a><\/span><\/strong><\/h4>\n<p>&nbsp;<\/p>\n<h4><strong><span style=\"color: #800000\"> <a href=\"http:\/\/juridico.sorocaba.sp.gov.br\/pgm\/wp-content\/uploads\/sites\/3\/2024\/04\/resumo-restrices-financeiras-no-ultimo-ano-de-mandato-lrf-1-pagina-2024.pdf\"><img loading=\"lazy\" decoding=\"async\" class=\"alignnone\" src=\"http:\/\/juridico.sorocaba.sp.gov.br\/pgm\/wp-content\/uploads\/sites\/3\/2024\/04\/resumo-restrices-financeiras-no-ultimo-ano-de-mandato-lrf-1-pagina-2024-208x300.jpg\" alt=\"Resumo - Restri\u00e7\u00f5es financeiras no \u00faltimo ano de mandato - LRF (2024)\" width=\"208\" height=\"300\" \/><\/a><\/span><\/strong><\/h4>\n<h4><strong><span style=\"color: #800000\"> \u00a0<\/span><\/strong><br \/>\n<strong><span style=\"color: #800000\"> \u25ba<a style=\"color: #800000\" href=\"http:\/\/juridico.sorocaba.sp.gov.br\/pgm\/wp-content\/uploads\/sites\/3\/2024\/04\/cartilha-capgm-condutas-vedadas-em-ano-eleitoral-4-ed-2026-1pdf-1compressed.pdf\">Cartilha CAPGM &#8211; Condutas vedadas em ano eleitoral (4 ed., 2026)<\/a><\/span><\/strong><\/h4>\n<p>&nbsp;<\/p>\n<h4><strong><span style=\"color: #800000\"> <a href=\"http:\/\/juridico.sorocaba.sp.gov.br\/pgm\/wp-content\/uploads\/sites\/3\/2024\/04\/cartilha-capgm-condutas-vedadas-em-ano-eleitoral-3-ed-2024.pdf\"><img loading=\"lazy\" decoding=\"async\" class=\"alignnone\" src=\"http:\/\/juridico.sorocaba.sp.gov.br\/pgm\/wp-content\/uploads\/sites\/3\/2024\/04\/cartilha-eleitoral-424x300.jpg\" alt=\"Cartilha Eleitoral\" width=\"300\" height=\"212\" \/><\/a><\/span><\/strong><\/h4>\n<p>&nbsp;<\/p>\n<h4><strong><span style=\"color: #800000\"> \u00a0<\/span><\/strong><br \/>\n<strong><span style=\"color: #800000\"> \u25ba\u00a0<a style=\"color: #800000\" href=\"http:\/\/juridico.sorocaba.sp.gov.br\/pgm\/wp-content\/uploads\/sites\/3\/2024\/04\/resumo-resoluces-eleitorais-tse-2024.pdf\">RESUMO &#8211; Resolu\u00e7\u00f5es eleitorais TSE &#8211; 2024<\/a><\/span><\/strong><\/h4>\n<p>&nbsp;<\/p>\n<h4><strong><span style=\"color: #800000\"> <a href=\"http:\/\/juridico.sorocaba.sp.gov.br\/pgm\/wp-content\/uploads\/sites\/3\/2024\/04\/resumo-resoluces-eleitorais-tse-2024.pdf\"><img loading=\"lazy\" decoding=\"async\" class=\"alignnone\" src=\"http:\/\/juridico.sorocaba.sp.gov.br\/pgm\/wp-content\/uploads\/sites\/3\/2024\/04\/resumo-resoluces-eleitorais-tse-2024-433x300.jpg\" alt=\"Resumo - Resolu\u00e7\u00f5es eleitorais TSE - 2024\" width=\"300\" height=\"208\" \/><\/a><\/span><\/strong><\/h4>\n<p>&nbsp;<\/p>\n<h4><strong><span style=\"color: #800000\"> \u00a0<\/span><\/strong><br \/>\n<strong><span style=\"color: #800000\"> \u25ba<a style=\"color: #800000\" href=\"http:\/\/juridico.sorocaba.sp.gov.br\/pgm\/wp-content\/uploads\/sites\/3\/2024\/04\/01-principais-novidades-lei-14620.pdf\">01. Principais novidades &#8211; Lei 14.620<\/a><\/span><\/strong><\/h4>\n<p>&nbsp;<\/p>\n<h4><strong><span style=\"color: #993300\"> <a href=\"http:\/\/juridico.sorocaba.sp.gov.br\/pgm\/wp-content\/uploads\/sites\/3\/2024\/04\/01-principais-novidades-lei-14620.pdf\"><img loading=\"lazy\" decoding=\"async\" class=\"alignnone\" src=\"http:\/\/juridico.sorocaba.sp.gov.br\/pgm\/wp-content\/uploads\/sites\/3\/2024\/04\/principais-novidades-lei-14620-400x300.jpg\" alt=\"Principais novidades - Lei 14.620\" width=\"300\" height=\"225\" \/><\/a><\/span><\/strong><\/h4>\n<p>&nbsp;<\/p>\n<div style=\"width:100%;margin:10px 0 10px 0;\"><h3>Anexos<\/h3>\r\n        <ul class=\"post-attachments\"><li class=\"post-attachment mime-application-pdf\"><a href=\"https:\/\/juridico.sorocaba.sp.gov.br\/pgm\/wp-content\/uploads\/sites\/3\/2024\/04\/contagem-de-prazos-processuais-resoluco-n-455-de-27-de-abril-de-2022-4-1.pdf\">Contagem de Prazos Processuais - Resolu\u00e7\u00e3o n\u00ba. 455, de 27 de abril de 2022 (4)<\/a> (4.4 MB)<\/li><li class=\"post-attachment mime-application-pdf\"><a href=\"https:\/\/juridico.sorocaba.sp.gov.br\/pgm\/wp-content\/uploads\/sites\/3\/2024\/04\/cartilha-6-edico-medicamentos-no-incorporados-ao-suscompressed-1.pdf\">Cartilha 6\u00aa Edi\u00e7\u00e3o - Medicamentos n\u00e3o incorporados ao SUS_compressed (1)<\/a> (1.44 MB)<\/li><li class=\"post-attachment mime-application-pdf\"><a href=\"https:\/\/juridico.sorocaba.sp.gov.br\/pgm\/wp-content\/uploads\/sites\/3\/2024\/04\/cartilha-capgm-condutas-vedadas-em-ano-eleitoral-4-ed-2026-1pdf-1compressed.pdf\">Cartilha CAPGM - Condutas vedadas em ano eleitoral (4 ed., 2026) (1).pdf (1)_compressed<\/a> (2.3 MB)<\/li><\/ul><\/div>","protected":false},"excerpt":{"rendered":"<p>\u25ba\u00a0Contagem de Prazos Processuais &#8211; Resolu\u00e7\u00e3o n\u00ba. 455, de 27 de abril de 2022 (4) \u25ba\u00a0Cartilha &#8211; Tema n.\u00ba 1118 do STF\u00a0 &nbsp; &nbsp; \u25ba Cartilha &#8211; Concess\u00e3o Judicial de Medicamentos N\u00e3o Incorporados ao SUS &#8211; 6\u00aa Edi\u00e7\u00e3o &nbsp; &nbsp; \u00a0 \u25ba\u00a0Cartilha &#8211; Normas Gerais para Concursos P\u00fablicos &#8211;\u00a0 Lei N. 14.965 de 2024\u00a0 &nbsp;&nbsp; <a href=\"https:\/\/juridico.sorocaba.sp.gov.br\/pgm\/cartilhas-e-outras-publicacoes\/\">&hellip; Leia mais<\/a><\/p>\n","protected":false},"author":47,"featured_media":0,"parent":0,"menu_order":0,"comment_status":"closed","ping_status":"closed","template":"","meta":{"footnotes":""},"class_list":["post-726","page","type-page","status-publish","hentry"],"_links":{"self":[{"href":"https:\/\/juridico.sorocaba.sp.gov.br\/pgm\/wp-json\/wp\/v2\/pages\/726","targetHints":{"allow":["GET"]}}],"collection":[{"href":"https:\/\/juridico.sorocaba.sp.gov.br\/pgm\/wp-json\/wp\/v2\/pages"}],"about":[{"href":"https:\/\/juridico.sorocaba.sp.gov.br\/pgm\/wp-json\/wp\/v2\/types\/page"}],"author":[{"embeddable":true,"href":"https:\/\/juridico.sorocaba.sp.gov.br\/pgm\/wp-json\/wp\/v2\/users\/47"}],"replies":[{"embeddable":true,"href":"https:\/\/juridico.sorocaba.sp.gov.br\/pgm\/wp-json\/wp\/v2\/comments?post=726"}],"version-history":[{"count":112,"href":"https:\/\/juridico.sorocaba.sp.gov.br\/pgm\/wp-json\/wp\/v2\/pages\/726\/revisions"}],"predecessor-version":[{"id":1724,"href":"https:\/\/juridico.sorocaba.sp.gov.br\/pgm\/wp-json\/wp\/v2\/pages\/726\/revisions\/1724"}],"wp:attachment":[{"href":"https:\/\/juridico.sorocaba.sp.gov.br\/pgm\/wp-json\/wp\/v2\/media?parent=726"}],"curies":[{"name":"wp","href":"https:\/\/api.w.org\/{rel}","templated":true}]}}