{"id":690,"date":"2024-04-16T12:17:10","date_gmt":"2024-04-16T15:17:10","guid":{"rendered":"http:\/\/juridico.sorocaba.sp.gov.br\/pgm\/?page_id=690"},"modified":"2024-04-26T10:27:12","modified_gmt":"2024-04-26T13:27:12","slug":"cabecalhos","status":"publish","type":"page","link":"https:\/\/juridico.sorocaba.sp.gov.br\/pgm\/cabecalhos\/","title":{"rendered":"Cabe\u00e7alhos"},"content":{"rendered":"<p>Clique com o bot\u00e3o direito nas imagens abaixo e, em seguida, em \u201cCopiar imagem\u201d ou em \u201cSalvar imagem como \u2026\u201d para fazer o download do cabe\u00e7alho referente ao respectivo \u00f3rg\u00e3o da Procuradoria-Geral do Munic\u00edpio.<\/p>\n<p>&nbsp;<\/p>\n<p style=\"text-align: center\"><a href=\"http:\/\/juridico.sorocaba.sp.gov.br\/pgm\/wp-content\/uploads\/sites\/3\/2024\/04\/cabecalho-vl-pgm-borda.png\">\u25ba Procuradoria-Geral do Munic\u00edpio (PGM)<\/a><\/p>\n<p style=\"text-align: center\"><img loading=\"lazy\" decoding=\"async\" class=\"alignnone size-medium wp-image-696\" src=\"http:\/\/juridico.sorocaba.sp.gov.br\/pgm\/wp-content\/uploads\/sites\/3\/2024\/04\/cabecalho-vl-pgm-borda-470x68.png\" alt=\"Cabecalho-VL-PGM-borda\" width=\"470\" height=\"68\" srcset=\"https:\/\/juridico.sorocaba.sp.gov.br\/pgm\/wp-content\/uploads\/sites\/3\/2024\/04\/cabecalho-vl-pgm-borda-470x68.png 470w, https:\/\/juridico.sorocaba.sp.gov.br\/pgm\/wp-content\/uploads\/sites\/3\/2024\/04\/cabecalho-vl-pgm-borda-768x112.png 768w, https:\/\/juridico.sorocaba.sp.gov.br\/pgm\/wp-content\/uploads\/sites\/3\/2024\/04\/cabecalho-vl-pgm-borda-970x141.png 970w, https:\/\/juridico.sorocaba.sp.gov.br\/pgm\/wp-content\/uploads\/sites\/3\/2024\/04\/cabecalho-vl-pgm-borda.png 1773w\" sizes=\"auto, (max-width: 470px) 100vw, 470px\" \/><\/p>\n<p>&nbsp;<\/p>\n<p style=\"text-align: center\"><a href=\"http:\/\/juridico.sorocaba.sp.gov.br\/pgm\/wp-content\/uploads\/sites\/3\/2024\/04\/cabecalho-vl-padm-borda-e1713280331685.png\">\u25ba Procuradoria Administrativa (PADM)<\/a><\/p>\n<p style=\"text-align: center\"><img loading=\"lazy\" decoding=\"async\" class=\"alignnone size-medium wp-image-693\" src=\"http:\/\/juridico.sorocaba.sp.gov.br\/pgm\/wp-content\/uploads\/sites\/3\/2024\/04\/cabecalho-vl-padm-borda-e1713280331685-470x68.png\" alt=\"Cabecalho-VL-PADM-borda\" width=\"470\" height=\"68\" srcset=\"https:\/\/juridico.sorocaba.sp.gov.br\/pgm\/wp-content\/uploads\/sites\/3\/2024\/04\/cabecalho-vl-padm-borda-e1713280331685-470x68.png 470w, https:\/\/juridico.sorocaba.sp.gov.br\/pgm\/wp-content\/uploads\/sites\/3\/2024\/04\/cabecalho-vl-padm-borda-e1713280331685-970x141.png 970w, https:\/\/juridico.sorocaba.sp.gov.br\/pgm\/wp-content\/uploads\/sites\/3\/2024\/04\/cabecalho-vl-padm-borda-e1713280331685-768x111.png 768w, https:\/\/juridico.sorocaba.sp.gov.br\/pgm\/wp-content\/uploads\/sites\/3\/2024\/04\/cabecalho-vl-padm-borda-e1713280331685.png 1773w\" sizes=\"auto, (max-width: 470px) 100vw, 470px\" \/><\/p>\n<p>&nbsp;<\/p>\n<p style=\"text-align: center\"><a href=\"http:\/\/juridico.sorocaba.sp.gov.br\/pgm\/wp-content\/uploads\/sites\/3\/2024\/04\/cabecalho-vl-pce-borda.png\">\u25ba Procuradoria de Controle Externo (PCE)<\/a><\/p>\n<p style=\"text-align: center\"><img loading=\"lazy\" decoding=\"async\" class=\"alignnone size-medium wp-image-694\" src=\"http:\/\/juridico.sorocaba.sp.gov.br\/pgm\/wp-content\/uploads\/sites\/3\/2024\/04\/cabecalho-vl-pce-borda-470x68.png\" alt=\"Cabecalho-VL-PCE-borda\" width=\"470\" height=\"68\" srcset=\"https:\/\/juridico.sorocaba.sp.gov.br\/pgm\/wp-content\/uploads\/sites\/3\/2024\/04\/cabecalho-vl-pce-borda-470x68.png 470w, https:\/\/juridico.sorocaba.sp.gov.br\/pgm\/wp-content\/uploads\/sites\/3\/2024\/04\/cabecalho-vl-pce-borda-768x112.png 768w, https:\/\/juridico.sorocaba.sp.gov.br\/pgm\/wp-content\/uploads\/sites\/3\/2024\/04\/cabecalho-vl-pce-borda-970x141.png 970w, https:\/\/juridico.sorocaba.sp.gov.br\/pgm\/wp-content\/uploads\/sites\/3\/2024\/04\/cabecalho-vl-pce-borda.png 1773w\" sizes=\"auto, (max-width: 470px) 100vw, 470px\" \/><\/p>\n<p>&nbsp;<\/p>\n<p style=\"text-align: center\"><a href=\"http:\/\/juridico.sorocaba.sp.gov.br\/pgm\/wp-content\/uploads\/sites\/3\/2024\/04\/cabecalho-vl-pco-borda.png\">\u25ba Procuradoria dos Contenciosos (PCO)<\/a><\/p>\n<p style=\"text-align: center\"><img loading=\"lazy\" decoding=\"async\" class=\"alignnone size-medium wp-image-695\" src=\"http:\/\/juridico.sorocaba.sp.gov.br\/pgm\/wp-content\/uploads\/sites\/3\/2024\/04\/cabecalho-vl-pco-borda-470x68.png\" alt=\"Cabecalho-VL-PCO-borda\" width=\"470\" height=\"68\" srcset=\"https:\/\/juridico.sorocaba.sp.gov.br\/pgm\/wp-content\/uploads\/sites\/3\/2024\/04\/cabecalho-vl-pco-borda-470x68.png 470w, https:\/\/juridico.sorocaba.sp.gov.br\/pgm\/wp-content\/uploads\/sites\/3\/2024\/04\/cabecalho-vl-pco-borda-768x112.png 768w, https:\/\/juridico.sorocaba.sp.gov.br\/pgm\/wp-content\/uploads\/sites\/3\/2024\/04\/cabecalho-vl-pco-borda-970x141.png 970w, https:\/\/juridico.sorocaba.sp.gov.br\/pgm\/wp-content\/uploads\/sites\/3\/2024\/04\/cabecalho-vl-pco-borda.png 1773w\" sizes=\"auto, (max-width: 470px) 100vw, 470px\" \/><\/p>\n<p>&nbsp;<\/p>\n<p style=\"text-align: center\"><a href=\"http:\/\/juridico.sorocaba.sp.gov.br\/pgm\/wp-content\/uploads\/sites\/3\/2024\/04\/cabecalho-vl-ptr-borda-1536x224.png\">\u25ba Procuradoria Tribut\u00e1ria (PTR)<\/a><\/p>\n<p style=\"text-align: center\"><img loading=\"lazy\" decoding=\"async\" class=\"alignnone size-medium wp-image-697\" src=\"http:\/\/juridico.sorocaba.sp.gov.br\/pgm\/wp-content\/uploads\/sites\/3\/2024\/04\/cabecalho-vl-ptr-borda-1536x224-470x69.png\" alt=\"Cabecalho-VL-PTR-borda-1536x224\" width=\"470\" height=\"69\" srcset=\"https:\/\/juridico.sorocaba.sp.gov.br\/pgm\/wp-content\/uploads\/sites\/3\/2024\/04\/cabecalho-vl-ptr-borda-1536x224-470x69.png 470w, https:\/\/juridico.sorocaba.sp.gov.br\/pgm\/wp-content\/uploads\/sites\/3\/2024\/04\/cabecalho-vl-ptr-borda-1536x224-768x112.png 768w, https:\/\/juridico.sorocaba.sp.gov.br\/pgm\/wp-content\/uploads\/sites\/3\/2024\/04\/cabecalho-vl-ptr-borda-1536x224-970x141.png 970w, https:\/\/juridico.sorocaba.sp.gov.br\/pgm\/wp-content\/uploads\/sites\/3\/2024\/04\/cabecalho-vl-ptr-borda-1536x224.png 1536w\" sizes=\"auto, (max-width: 470px) 100vw, 470px\" \/><\/p>\n<p>&nbsp;<\/p>\n<p style=\"text-align: center\"><a href=\"http:\/\/juridico.sorocaba.sp.gov.br\/pgm\/wp-content\/uploads\/sites\/3\/2024\/04\/cabecalho-vl-capgm-borda-e1713280342928.png\">\u25ba Centro de Apoio \u00e0 Procuradoria-Geral do Munic\u00edpio (CAPGM)<\/a><\/p>\n<p style=\"text-align: center\"><img loading=\"lazy\" decoding=\"async\" class=\"alignnone size-medium wp-image-692\" src=\"http:\/\/juridico.sorocaba.sp.gov.br\/pgm\/wp-content\/uploads\/sites\/3\/2024\/04\/cabecalho-vl-capgm-borda-e1713280342928-470x68.png\" alt=\"Cabecalho-VL-CAPGM-borda\" width=\"470\" height=\"68\" srcset=\"https:\/\/juridico.sorocaba.sp.gov.br\/pgm\/wp-content\/uploads\/sites\/3\/2024\/04\/cabecalho-vl-capgm-borda-e1713280342928-470x68.png 470w, https:\/\/juridico.sorocaba.sp.gov.br\/pgm\/wp-content\/uploads\/sites\/3\/2024\/04\/cabecalho-vl-capgm-borda-e1713280342928-970x141.png 970w, https:\/\/juridico.sorocaba.sp.gov.br\/pgm\/wp-content\/uploads\/sites\/3\/2024\/04\/cabecalho-vl-capgm-borda-e1713280342928-768x111.png 768w, https:\/\/juridico.sorocaba.sp.gov.br\/pgm\/wp-content\/uploads\/sites\/3\/2024\/04\/cabecalho-vl-capgm-borda-e1713280342928.png 1773w\" sizes=\"auto, (max-width: 470px) 100vw, 470px\" \/><\/p>\n<p>&nbsp;<\/p>\n<p style=\"text-align: center\"><a href=\"http:\/\/juridico.sorocaba.sp.gov.br\/pgm\/wp-content\/uploads\/sites\/3\/2024\/04\/cabecalho-vl-aj-borda-e1713280319793.png\">\u25ba Assessoria Jur\u00eddica (AJ)<\/a><\/p>\n<p style=\"text-align: center\"><img loading=\"lazy\" decoding=\"async\" class=\"alignnone size-medium wp-image-691 aligncenter\" src=\"http:\/\/juridico.sorocaba.sp.gov.br\/pgm\/wp-content\/uploads\/sites\/3\/2024\/04\/cabecalho-vl-aj-borda-e1713280319793-470x68.png\" alt=\"Cabecalho-VL-AJ-borda\" width=\"470\" height=\"68\" srcset=\"https:\/\/juridico.sorocaba.sp.gov.br\/pgm\/wp-content\/uploads\/sites\/3\/2024\/04\/cabecalho-vl-aj-borda-e1713280319793-470x68.png 470w, https:\/\/juridico.sorocaba.sp.gov.br\/pgm\/wp-content\/uploads\/sites\/3\/2024\/04\/cabecalho-vl-aj-borda-e1713280319793-970x141.png 970w, https:\/\/juridico.sorocaba.sp.gov.br\/pgm\/wp-content\/uploads\/sites\/3\/2024\/04\/cabecalho-vl-aj-borda-e1713280319793-768x111.png 768w, https:\/\/juridico.sorocaba.sp.gov.br\/pgm\/wp-content\/uploads\/sites\/3\/2024\/04\/cabecalho-vl-aj-borda-e1713280319793.png 1773w\" sizes=\"auto, (max-width: 470px) 100vw, 470px\" \/><\/p>\n<hr \/>\n<h4><span style=\"color: #800000\">\u25ba\u00a0<a style=\"color: #800000\" href=\"http:\/\/juridico.sorocaba.sp.gov.br\/pgm\/manual-de-identidade-visual\">Manual de Identidade Visual<\/a><\/span><\/h4>\n<h4><span style=\"color: #800000\">\u25ba\u00a0<a style=\"color: #800000\" href=\"http:\/\/juridico.sorocaba.sp.gov.br\/pgm\/documentos-juridicos\">Documentos Jur\u00eddicos<\/a><\/span><\/h4>\n<h4><span style=\"color: #800000\">\u25ba\u00a0<a style=\"color: #800000\" href=\"http:\/\/juridico.sorocaba.sp.gov.br\/pgm\/documentos-oficiais\">Documentos Oficiais<\/a><\/span><\/h4>\n","protected":false},"excerpt":{"rendered":"<p>Clique com o bot\u00e3o direito nas imagens abaixo e, em seguida, em \u201cCopiar imagem\u201d ou em \u201cSalvar imagem como \u2026\u201d para fazer o download do cabe\u00e7alho referente ao respectivo \u00f3rg\u00e3o da Procuradoria-Geral do Munic\u00edpio. &nbsp; \u25ba Procuradoria-Geral do Munic\u00edpio (PGM) &nbsp; \u25ba Procuradoria Administrativa (PADM) &nbsp; \u25ba Procuradoria de Controle Externo (PCE) &nbsp; \u25ba Procuradoria&nbsp; <a href=\"https:\/\/juridico.sorocaba.sp.gov.br\/pgm\/cabecalhos\/\">&hellip; Leia mais<\/a><\/p>\n","protected":false},"author":47,"featured_media":0,"parent":0,"menu_order":0,"comment_status":"closed","ping_status":"closed","template":"","meta":{"footnotes":""},"class_list":["post-690","page","type-page","status-publish","hentry"],"_links":{"self":[{"href":"https:\/\/juridico.sorocaba.sp.gov.br\/pgm\/wp-json\/wp\/v2\/pages\/690","targetHints":{"allow":["GET"]}}],"collection":[{"href":"https:\/\/juridico.sorocaba.sp.gov.br\/pgm\/wp-json\/wp\/v2\/pages"}],"about":[{"href":"https:\/\/juridico.sorocaba.sp.gov.br\/pgm\/wp-json\/wp\/v2\/types\/page"}],"author":[{"embeddable":true,"href":"https:\/\/juridico.sorocaba.sp.gov.br\/pgm\/wp-json\/wp\/v2\/users\/47"}],"replies":[{"embeddable":true,"href":"https:\/\/juridico.sorocaba.sp.gov.br\/pgm\/wp-json\/wp\/v2\/comments?post=690"}],"version-history":[{"count":7,"href":"https:\/\/juridico.sorocaba.sp.gov.br\/pgm\/wp-json\/wp\/v2\/pages\/690\/revisions"}],"predecessor-version":[{"id":894,"href":"https:\/\/juridico.sorocaba.sp.gov.br\/pgm\/wp-json\/wp\/v2\/pages\/690\/revisions\/894"}],"wp:attachment":[{"href":"https:\/\/juridico.sorocaba.sp.gov.br\/pgm\/wp-json\/wp\/v2\/media?parent=690"}],"curies":[{"name":"wp","href":"https:\/\/api.w.org\/{rel}","templated":true}]}}