{"id":685,"date":"2024-04-16T12:08:19","date_gmt":"2024-04-16T15:08:19","guid":{"rendered":"http:\/\/juridico.sorocaba.sp.gov.br\/pgm\/?page_id=685"},"modified":"2024-04-26T10:28:43","modified_gmt":"2024-04-26T13:28:43","slug":"manual-de-identidade-visual","status":"publish","type":"page","link":"https:\/\/juridico.sorocaba.sp.gov.br\/pgm\/manual-de-identidade-visual\/","title":{"rendered":"Manual de identidade visual"},"content":{"rendered":"<p style=\"font-size: 16px;text-align: left\">Clique no link para acessar o manual\u00a0<b>\u201c<a href=\"http:\/\/juridico.sorocaba.sp.gov.br\/pgm\/wp-content\/uploads\/sites\/3\/2024\/04\/manual-de-diretrizes-e-padronizaco-de-documentos-e-identidade-visual-da-pgm-sorocaba.pdf\">Diretrizes de Padroniza\u00e7\u00e3o de Documentos e Identidade Visual<\/a>\u201d<\/b>\u00a0da Procuradoria-Geral do Munic\u00edpio de Sorocaba.<\/p>\n<p style=\"font-size: 16px;text-align: left\"><a href=\"http:\/\/juridico.sorocaba.sp.gov.br\/pgm\/wp-content\/uploads\/sites\/3\/2024\/04\/manual-de-diretrizes-e-padronizaco-de-documentos-e-identidade-visual-da-pgm-sorocaba.pdf\"><img loading=\"lazy\" decoding=\"async\" class=\"alignnone wp-image-860 size-medium\" src=\"http:\/\/juridico.sorocaba.sp.gov.br\/pgm\/wp-content\/uploads\/sites\/3\/2024\/04\/capa-manual-1-212x300.jpg\" alt=\"capa manual\" width=\"212\" height=\"300\" srcset=\"https:\/\/juridico.sorocaba.sp.gov.br\/pgm\/wp-content\/uploads\/sites\/3\/2024\/04\/capa-manual-1-212x300.jpg 212w, https:\/\/juridico.sorocaba.sp.gov.br\/pgm\/wp-content\/uploads\/sites\/3\/2024\/04\/capa-manual-1-768x1085.jpg 768w, https:\/\/juridico.sorocaba.sp.gov.br\/pgm\/wp-content\/uploads\/sites\/3\/2024\/04\/capa-manual-1-725x1024.jpg 725w, https:\/\/juridico.sorocaba.sp.gov.br\/pgm\/wp-content\/uploads\/sites\/3\/2024\/04\/capa-manual-1.jpg 1241w\" sizes=\"auto, (max-width: 212px) 100vw, 212px\" \/><\/a><\/p>\n<p style=\"font-size: 16px\"><strong style=\"font-size: 16px\">APRESENT<\/strong><strong style=\"font-size: 16px\">A\u00c7\u00c3O<\/strong><\/p>\n<p style=\"font-size: 16px;text-align: justify\">A identidade visual de uma institui\u00e7a\u0303o desempenha um papel fundamental na forma como ela se apresenta ao pu\u0301blico, seja este um membro do Poder Judicia\u0301rio, do Poder Legislativo, do Tribunal de Contas, do Ministe\u0301rio Pu\u0301blico, da Administra\u00e7a\u0303o Pu\u0301blica direta ou indireta, ale\u0301m dos cidada\u0303os.<\/p>\n<p style=\"font-size: 16px\" align=\"justify\">Essa constru\u00e7a\u0303o visual em um o\u0301rga\u0303o pu\u0301blico e\u0301 ta\u0303o importante quanto em uma empresa privada, uma vez que ela transmite a imagem e os valores da institui\u00e7a\u0303o para a sociedade, estabelecendo confian\u00e7a e contribuindo para o seu sucesso.<\/p>\n<p style=\"font-size: 16px\" align=\"justify\">A Procuradoria do Munic\u00edpio de Sorocaba reconhece o dever institucional de ser compreendida pela sociedade. Nesse contexto, o desenvolvimento de documentos elaborados com padro\u0303es te\u0301cnicos de escrita e\u0301 essencial para proporcionar um conforto cognitivo e transmitir uma mensagem clara e objetiva, sem perder a formalidade.<\/p>\n<p style=\"font-size: 16px\" align=\"justify\">O presente manual foi desenvolvido atendendo as diretrizes da Pol\u00edtica de Comunica\u00e7a\u0303o Inteligente, institu\u00edda pela Lei Municipal n\u00ba 12.925\/2023, e visa difundir os valores da transpare\u0302ncia, eficie\u0302ncia, responsabilidade e e\u0301tica da institui\u00e7a\u0303o. A sua aplica\u00e7a\u0303o na\u0303o apenas estabelece uma personalidade u\u0301nica e diferenciada, mas tambe\u0301m serve como alicerce para a dissemina\u00e7a\u0303o de confian\u00e7a e credibilidade.<\/p>\n<p style=\"font-size: 16px\" align=\"justify\">Destaca-se que um documento redigido com padro\u0303es te\u0301cnicos oferece o esperado conforto cognitivo, tornando a mensagem mais familiar, verdadeira e de fa\u0301cil compreensa\u0303o, aumentando assim o poder de persuasa\u0303o.<\/p>\n<p style=\"font-size: 16px\" align=\"justify\">Ale\u0301m disso, a neurocie\u0302ncia tem mostrado que as cores e as fontes podem ter um poderoso impacto sobre a maneira como as pessoas percebem e interagem com informa\u00e7o\u0303es visuais. As cores e fontes certas na\u0303o apenas influenciam a aten\u00e7a\u0303o, memo\u0301ria e emo\u00e7o\u0303es, mas tambe\u0301m desempenham um papel importante na moldagem da percep\u00e7a\u0303o e tomada de decisa\u0303o dos indiv\u00edduos.<\/p>\n<p style=\"font-size: 16px\" align=\"justify\">Desse modo, evidencia-se que a constru\u00e7a\u0303o e aplica\u00e7a\u0303o cuidadosa da identidade visual, por meio de padro\u0303es te\u0301cnicos e escolhas conscientes de cores e fontes, sa\u0303o elementos fundamentais para o sucesso de uma institui\u00e7a\u0303o, garantindo uma comunica\u00e7a\u0303o eficaz, confia\u0301vel e uma so\u0301lida reputa\u00e7a\u0303o na sociedade.<\/p>\n<p style=\"font-size: 16px\"><em>Comissa\u0303o de Comunica\u00e7a\u0303o Inteligente<\/em><\/p>\n<hr \/>\n<h4><span style=\"color: #800000\">\u25ba\u00a0<a style=\"color: #800000\" href=\"http:\/\/juridico.sorocaba.sp.gov.br\/pgm\/cabecalhos\">Cabe\u00e7alhos<\/a><\/span><\/h4>\n<h4><span style=\"color: #800000\"> \u25ba\u00a0<a style=\"color: #800000\" href=\"http:\/\/juridico.sorocaba.sp.gov.br\/pgm\/documentos-juridicos\">Documentos Jur\u00eddicos<\/a><\/span><\/h4>\n<h4><span style=\"color: #800000\"> \u25ba\u00a0<a style=\"color: #800000\" href=\"http:\/\/juridico.sorocaba.sp.gov.br\/pgm\/documentos-oficiais\">Documentos Oficiais<\/a><\/span><\/h4>\n","protected":false},"excerpt":{"rendered":"<p>Clique no link para acessar o manual\u00a0\u201cDiretrizes de Padroniza\u00e7\u00e3o de Documentos e Identidade Visual\u201d\u00a0da Procuradoria-Geral do Munic\u00edpio de Sorocaba. APRESENTA\u00c7\u00c3O A identidade visual de uma institui\u00e7a\u0303o desempenha um papel fundamental na forma como ela se apresenta ao pu\u0301blico, seja este um membro do Poder Judicia\u0301rio, do Poder Legislativo, do Tribunal de Contas, do Ministe\u0301rio Pu\u0301blico,&nbsp; <a href=\"https:\/\/juridico.sorocaba.sp.gov.br\/pgm\/manual-de-identidade-visual\/\">&hellip; Leia mais<\/a><\/p>\n","protected":false},"author":47,"featured_media":0,"parent":0,"menu_order":0,"comment_status":"closed","ping_status":"closed","template":"","meta":{"footnotes":""},"class_list":["post-685","page","type-page","status-publish","hentry"],"_links":{"self":[{"href":"https:\/\/juridico.sorocaba.sp.gov.br\/pgm\/wp-json\/wp\/v2\/pages\/685","targetHints":{"allow":["GET"]}}],"collection":[{"href":"https:\/\/juridico.sorocaba.sp.gov.br\/pgm\/wp-json\/wp\/v2\/pages"}],"about":[{"href":"https:\/\/juridico.sorocaba.sp.gov.br\/pgm\/wp-json\/wp\/v2\/types\/page"}],"author":[{"embeddable":true,"href":"https:\/\/juridico.sorocaba.sp.gov.br\/pgm\/wp-json\/wp\/v2\/users\/47"}],"replies":[{"embeddable":true,"href":"https:\/\/juridico.sorocaba.sp.gov.br\/pgm\/wp-json\/wp\/v2\/comments?post=685"}],"version-history":[{"count":24,"href":"https:\/\/juridico.sorocaba.sp.gov.br\/pgm\/wp-json\/wp\/v2\/pages\/685\/revisions"}],"predecessor-version":[{"id":897,"href":"https:\/\/juridico.sorocaba.sp.gov.br\/pgm\/wp-json\/wp\/v2\/pages\/685\/revisions\/897"}],"wp:attachment":[{"href":"https:\/\/juridico.sorocaba.sp.gov.br\/pgm\/wp-json\/wp\/v2\/media?parent=685"}],"curies":[{"name":"wp","href":"https:\/\/api.w.org\/{rel}","templated":true}]}}