{"id":631,"date":"2023-10-23T12:53:25","date_gmt":"2023-10-23T14:53:25","guid":{"rendered":"http:\/\/juridico.sorocaba.sp.gov.br\/pgm\/?page_id=631"},"modified":"2025-01-27T16:38:36","modified_gmt":"2025-01-27T18:38:36","slug":"capacitacao-de-procuradores-municipais","status":"publish","type":"page","link":"https:\/\/juridico.sorocaba.sp.gov.br\/pgm\/capacitacao-de-procuradores-municipais\/","title":{"rendered":"Capacita\u00e7\u00e3o de procuradores municipais"},"content":{"rendered":"<p style=\"font-size: 16px;text-align: justify\">A Lei municipal n\u00ba 12.473\/2021 prev\u00ea como uma das atribui\u00e7\u00f5es do Centro de Apoio \u00e0 Procuradoria-Geral do Munic\u00edpio (CAPGM) a recomenda\u00e7\u00e3o de cursos de capacita\u00e7\u00e3o te\u00f3rica e profissional relacionados com as atividades dos Procuradores do Munic\u00edpio.<\/p>\n<p style=\"font-size: 16px\" align=\"justify\">Atendendo a essa determina\u00e7\u00e3o legal, foi elaborado o presente cat\u00e1logo, contendo mais de 130 cursos\u00a0<i>online\u00a0<\/i>gratuitos e mais de 3000 horas de atividade de capacita\u00e7\u00e3o.<\/p>\n<p style=\"font-size: 16px\" align=\"justify\">Os cursos s\u00e3o ministrados por 30 conteudistas distintos, dos mais diversos \u00f3rg\u00e3os, e conferem certificados de participa\u00e7\u00e3o \u00e0queles que conclu\u00edrem com \u00eaxito suas atividades.<\/p>\n<p style=\"font-size: 16px\" align=\"justify\">Pedagogicamente, procurou-se abranger as principais \u00e1reas de atua\u00e7\u00e3o dos procuradores municipais, notoriamente as \u00e1reas de direito constitucional, administrativo, financeiro, tribut\u00e1rio, direitos difusos e coletivos, processual e privado.<\/p>\n<p style=\"font-size: 16px\" align=\"justify\">Tamb\u00e9m foram selecionados outros cursos gerais de capacita\u00e7\u00e3o jur\u00eddica e profissional, bem como cursos de aprimoramento em l\u00edngua portuguesa e idiomas.<\/p>\n<p style=\"font-size: 16px\" align=\"justify\">Para acessar os cursos, basta clicar nos\u00a0<i>links<\/i>\u00a0nas primeiras colunas e seguir as orienta\u00e7\u00f5es para inscri\u00e7\u00e3o contidas nos respectivos s\u00edtios eletr\u00f4nicos.<\/p>\n<p style=\"font-size: 16px\" align=\"justify\">Clique no link abaixo para ter acesso ao cat\u00e1logo de cursos de capacita\u00e7\u00e3o:<\/p>\n<p>&nbsp;<\/p>\n<p style=\"font-size: 16px\" align=\"justify\"><span style=\"color: #800000\"><em><strong>\u25ba\u00a0<span style=\"color: #800000\"><a style=\"color: #800000\" href=\"http:\/\/juridico.sorocaba.sp.gov.br\/pgm\/wp-content\/uploads\/sites\/3\/2023\/10\/catalogo-de-cursos-de-capacitaco-procuradores-capgm-janeiro2025-3.pdf\">Cat\u00e1logo de Cursos de Capacita\u00e7\u00e3o &#8211; Procuradores &#8211; CAPGM &#8211; Janeiro.2025<\/a><\/span><\/strong><\/em><\/span><\/p>\n<p style=\"font-size: 16px\" align=\"justify\"><a href=\"http:\/\/juridico.sorocaba.sp.gov.br\/pgm\/wp-content\/uploads\/sites\/3\/2023\/10\/catalogo-de-cursos-de-capacitaco-procuradores-capgm-janeiro2025-3.pdf\"><img loading=\"lazy\" decoding=\"async\" class=\"alignnone wp-image-939\" src=\"http:\/\/juridico.sorocaba.sp.gov.br\/pgm\/wp-content\/uploads\/sites\/3\/2023\/10\/capa-cataloto-de-cursos-438x300.jpg\" alt=\"CAPA Cat\u00e1loto de Cursos\" width=\"335\" height=\"229\" srcset=\"https:\/\/juridico.sorocaba.sp.gov.br\/pgm\/wp-content\/uploads\/sites\/3\/2023\/10\/capa-cataloto-de-cursos-438x300.jpg 438w, https:\/\/juridico.sorocaba.sp.gov.br\/pgm\/wp-content\/uploads\/sites\/3\/2023\/10\/capa-cataloto-de-cursos-768x526.jpg 768w, https:\/\/juridico.sorocaba.sp.gov.br\/pgm\/wp-content\/uploads\/sites\/3\/2023\/10\/capa-cataloto-de-cursos-970x665.jpg 970w, https:\/\/juridico.sorocaba.sp.gov.br\/pgm\/wp-content\/uploads\/sites\/3\/2023\/10\/capa-cataloto-de-cursos.jpg 1919w\" sizes=\"auto, (max-width: 335px) 100vw, 335px\" \/><\/a><\/p>\n<p><span style=\"color: #800000\">\u00a0<\/span><\/p>\n<p>&nbsp;<\/p>\n","protected":false},"excerpt":{"rendered":"<p>A Lei municipal n\u00ba 12.473\/2021 prev\u00ea como uma das atribui\u00e7\u00f5es do Centro de Apoio \u00e0 Procuradoria-Geral do Munic\u00edpio (CAPGM) a recomenda\u00e7\u00e3o de cursos de capacita\u00e7\u00e3o te\u00f3rica e profissional relacionados com as atividades dos Procuradores do Munic\u00edpio. Atendendo a essa determina\u00e7\u00e3o legal, foi elaborado o presente cat\u00e1logo, contendo mais de 130 cursos\u00a0online\u00a0gratuitos e mais de 3000&nbsp; <a href=\"https:\/\/juridico.sorocaba.sp.gov.br\/pgm\/capacitacao-de-procuradores-municipais\/\">&hellip; Leia mais<\/a><\/p>\n","protected":false},"author":48,"featured_media":0,"parent":0,"menu_order":0,"comment_status":"closed","ping_status":"closed","template":"","meta":{"footnotes":""},"class_list":["post-631","page","type-page","status-publish","hentry"],"_links":{"self":[{"href":"https:\/\/juridico.sorocaba.sp.gov.br\/pgm\/wp-json\/wp\/v2\/pages\/631","targetHints":{"allow":["GET"]}}],"collection":[{"href":"https:\/\/juridico.sorocaba.sp.gov.br\/pgm\/wp-json\/wp\/v2\/pages"}],"about":[{"href":"https:\/\/juridico.sorocaba.sp.gov.br\/pgm\/wp-json\/wp\/v2\/types\/page"}],"author":[{"embeddable":true,"href":"https:\/\/juridico.sorocaba.sp.gov.br\/pgm\/wp-json\/wp\/v2\/users\/48"}],"replies":[{"embeddable":true,"href":"https:\/\/juridico.sorocaba.sp.gov.br\/pgm\/wp-json\/wp\/v2\/comments?post=631"}],"version-history":[{"count":43,"href":"https:\/\/juridico.sorocaba.sp.gov.br\/pgm\/wp-json\/wp\/v2\/pages\/631\/revisions"}],"predecessor-version":[{"id":1493,"href":"https:\/\/juridico.sorocaba.sp.gov.br\/pgm\/wp-json\/wp\/v2\/pages\/631\/revisions\/1493"}],"wp:attachment":[{"href":"https:\/\/juridico.sorocaba.sp.gov.br\/pgm\/wp-json\/wp\/v2\/media?parent=631"}],"curies":[{"name":"wp","href":"https:\/\/api.w.org\/{rel}","templated":true}]}}