{"id":561,"date":"2023-05-22T20:15:59","date_gmt":"2023-05-22T23:15:59","guid":{"rendered":"http:\/\/juridico.sorocaba.sp.gov.br\/pgm\/?page_id=561"},"modified":"2024-10-15T16:45:57","modified_gmt":"2024-10-15T19:45:57","slug":"concurso-publico","status":"publish","type":"page","link":"https:\/\/juridico.sorocaba.sp.gov.br\/pgm\/concurso-publico\/","title":{"rendered":"Concursos P\u00fablicos"},"content":{"rendered":"<p style=\"font-size: 16px\"><strong>CONCURSO P\u00daBLICO 2024<\/strong><\/p>\n<p style=\"font-size: 16px\">O\u00a0<strong><a href=\"https:\/\/documento.vunesp.com.br\/documento\/stream\/NTcwOTE1OA%3d%3d\">Edital n\u00ba 01\/2024<\/a><\/strong>\u00a0foi publicado no Di\u00e1rio Oficial &#8211; Jornal do Munic\u00edpio de Sorocaba em 16.02.2024 e o concurso p\u00fablico foi\u00a0<strong><a href=\"https:\/\/documento.vunesp.com.br\/documento\/stream\/NjM3OTcyMw%3d%3d\">homologado<\/a><\/strong>\u00a0em 19.08.2024.<\/p>\n<p>&nbsp;<\/p>\n<p style=\"font-size: 16px\"><b>CONCURSO P\u00daBLICO 2018<\/b><\/p>\n<p style=\"font-size: 16px\">O\u00a0<strong><a href=\"https:\/\/documento.vunesp.com.br\/documento\/stream\/NDE2NTQ1\">Edital n\u00ba 01\/2018<\/a><\/strong>\u00a0foi\u00a0publicado no Di\u00e1rio Oficial \u2013 Jornal do Munic\u00edpio de Sorocaba em 27.04.2018 e o concurso p\u00fablico foi\u00a0<strong><a href=\"https:\/\/documento.vunesp.com.br\/documento\/stream\/ODI5NTAw\">homologado<\/a><\/strong>\u00a0em 18.10.2018.<\/p>\n<p>&nbsp;<\/p>\n<p style=\"font-size: 16px\"><strong>Informa\u00e7\u00f5es:<\/strong><\/p>\n<p style=\"font-size: 16px\">As informa\u00e7\u00f5es sobre os concursos p\u00fablicos de 2018 e 2024, realizados para provimento de cargos de Procurador do Munic\u00edpio de Sorocaba, est\u00e3o no site da\u00a0<strong><a href=\"https:\/\/www.vunesp.com.br\/PMSO1702\">Funda\u00e7\u00e3o Vunesp<\/a><\/strong>, organizadora dos certames.<\/p>\n","protected":false},"excerpt":{"rendered":"<p>CONCURSO P\u00daBLICO 2024 O\u00a0Edital n\u00ba 01\/2024\u00a0foi publicado no Di\u00e1rio Oficial &#8211; Jornal do Munic\u00edpio de Sorocaba em 16.02.2024 e o concurso p\u00fablico foi\u00a0homologado\u00a0em 19.08.2024. &nbsp; CONCURSO P\u00daBLICO 2018 O\u00a0Edital n\u00ba 01\/2018\u00a0foi\u00a0publicado no Di\u00e1rio Oficial \u2013 Jornal do Munic\u00edpio de Sorocaba em 27.04.2018 e o concurso p\u00fablico foi\u00a0homologado\u00a0em 18.10.2018. &nbsp; Informa\u00e7\u00f5es: As informa\u00e7\u00f5es sobre os concursos&nbsp; <a href=\"https:\/\/juridico.sorocaba.sp.gov.br\/pgm\/concurso-publico\/\">&hellip; Leia mais<\/a><\/p>\n","protected":false},"author":33,"featured_media":0,"parent":0,"menu_order":0,"comment_status":"closed","ping_status":"closed","template":"","meta":{"footnotes":""},"class_list":["post-561","page","type-page","status-publish","hentry"],"_links":{"self":[{"href":"https:\/\/juridico.sorocaba.sp.gov.br\/pgm\/wp-json\/wp\/v2\/pages\/561","targetHints":{"allow":["GET"]}}],"collection":[{"href":"https:\/\/juridico.sorocaba.sp.gov.br\/pgm\/wp-json\/wp\/v2\/pages"}],"about":[{"href":"https:\/\/juridico.sorocaba.sp.gov.br\/pgm\/wp-json\/wp\/v2\/types\/page"}],"author":[{"embeddable":true,"href":"https:\/\/juridico.sorocaba.sp.gov.br\/pgm\/wp-json\/wp\/v2\/users\/33"}],"replies":[{"embeddable":true,"href":"https:\/\/juridico.sorocaba.sp.gov.br\/pgm\/wp-json\/wp\/v2\/comments?post=561"}],"version-history":[{"count":12,"href":"https:\/\/juridico.sorocaba.sp.gov.br\/pgm\/wp-json\/wp\/v2\/pages\/561\/revisions"}],"predecessor-version":[{"id":1285,"href":"https:\/\/juridico.sorocaba.sp.gov.br\/pgm\/wp-json\/wp\/v2\/pages\/561\/revisions\/1285"}],"wp:attachment":[{"href":"https:\/\/juridico.sorocaba.sp.gov.br\/pgm\/wp-json\/wp\/v2\/media?parent=561"}],"curies":[{"name":"wp","href":"https:\/\/api.w.org\/{rel}","templated":true}]}}