{"id":469,"date":"2023-04-13T11:33:18","date_gmt":"2023-04-13T14:33:18","guid":{"rendered":"http:\/\/juridico.sorocaba.sp.gov.br\/pgm\/?page_id=469"},"modified":"2025-04-22T14:24:04","modified_gmt":"2025-04-22T17:24:04","slug":"organograma-e-atribuicoes","status":"publish","type":"page","link":"https:\/\/juridico.sorocaba.sp.gov.br\/pgm\/organograma-e-atribuicoes\/","title":{"rendered":"Organograma e Procuradorias especializadas"},"content":{"rendered":"<p class=\"western\" style=\"text-align: left\" align=\"center\"><span style=\"color: #000000\"><span style=\"font-family: Calibri, sans-serif\"><span style=\"font-size: x-large\"><b>SECRETARIA JUR\u00cdDICA<\/b><\/span><\/span><\/span><\/p>\n<p class=\"western\" style=\"text-align: left\" align=\"justify\"><span style=\"color: #000000\"><span style=\"font-family: Calibri, sans-serif\"><span style=\"font-size: x-large\">Compete \u00e0 <strong>Secretaria Jur\u00eddica (SEJ)<\/strong>, por meio de seus \u00f3rg\u00e3os auxiliares, as atividades de consultoria e assessoramento jur\u00eddico do Poder Executivo, a representa\u00e7\u00e3o judicial do Munic\u00edpio, a inscri\u00e7\u00e3o e a cobran\u00e7a judicial e extrajudicial da d\u00edvida ativa e o processamento dos feitos relativos ao patrim\u00f4nio municipal im\u00f3vel.<\/span><\/span><\/span><\/p>\n<p>&nbsp;<\/p>\n<h5 style=\"text-align: left\"><\/h5>\n<p class=\"western\" style=\"text-align: left\" align=\"justify\"><span style=\"color: #000000\"><span style=\"font-family: Calibri, sans-serif\"><span style=\"font-size: x-large\"><span style=\"color: #333333\">Clique nas imagens abaixo para ampli\u00e1-las.<\/span><\/span><\/span><\/span><\/p>\n<p>&nbsp;<\/p>\n<h4 style=\"text-align: left\"><span style=\"color: #800000\">\u25ba\u00a0<strong><a style=\"color: #800000\" href=\"http:\/\/juridico.sorocaba.sp.gov.br\/pgm\/wp-content\/uploads\/sites\/3\/2023\/04\/organograma-da-secretaria-juridica-sej.pdf\">Organograma da Secretaria Jur\u00eddica (SEJ)<\/a><\/strong><\/span><\/h4>\n<p>&nbsp;<\/p>\n<h4 style=\"text-align: left\"><a href=\"http:\/\/juridico.sorocaba.sp.gov.br\/pgm\/wp-content\/uploads\/sites\/3\/2023\/04\/organograma-da-secretaria-juridica-sej.pdf\"><img loading=\"lazy\" decoding=\"async\" class=\"alignnone wp-image-1540 size-medium\" src=\"http:\/\/juridico.sorocaba.sp.gov.br\/pgm\/wp-content\/uploads\/sites\/3\/2023\/04\/organograma-sej-2-434x300.jpg\" alt=\"ORGANOGRAMA SEJ - 1\" width=\"434\" height=\"300\" srcset=\"https:\/\/juridico.sorocaba.sp.gov.br\/pgm\/wp-content\/uploads\/sites\/3\/2023\/04\/organograma-sej-2-434x300.jpg 434w, https:\/\/juridico.sorocaba.sp.gov.br\/pgm\/wp-content\/uploads\/sites\/3\/2023\/04\/organograma-sej-2-768x531.jpg 768w, https:\/\/juridico.sorocaba.sp.gov.br\/pgm\/wp-content\/uploads\/sites\/3\/2023\/04\/organograma-sej-2-970x671.jpg 970w\" sizes=\"auto, (max-width: 434px) 100vw, 434px\" \/><\/a><\/h4>\n<p>&nbsp;<\/p>\n<h4 style=\"text-align: left\"><span style=\"color: #800000\">\u25ba\u00a0<strong><a style=\"color: #800000\" href=\"http:\/\/juridico.sorocaba.sp.gov.br\/pgm\/wp-content\/uploads\/sites\/3\/2023\/04\/banner-pgm-sorocaba-2.pdf\">\u00d3rg\u00e3os de execu\u00e7\u00e3o da Procuradoria-Geral do Munic\u00edpio de Sorocaba &#8211; (PGM)<\/a>\u00a0 \u00a0<\/strong><\/span><\/h4>\n<p>&nbsp;<\/p>\n<h4 style=\"text-align: left\"><a href=\"http:\/\/juridico.sorocaba.sp.gov.br\/pgm\/wp-content\/uploads\/sites\/3\/2023\/04\/banner-pgm-sorocaba-2.pdf\" target=\"_blank\"><img loading=\"lazy\" decoding=\"async\" class=\"alignleft\" src=\"http:\/\/juridico.sorocaba.sp.gov.br\/pgm\/wp-content\/uploads\/sites\/3\/2023\/04\/banner-pgm-sorocaba-imagem-site.png\" alt=\"Banner PGM Sorocaba - Imagem SITE\" width=\"399\" height=\"599\" \/><\/a><\/h4>\n","protected":false},"excerpt":{"rendered":"<p>SECRETARIA JUR\u00cdDICA Compete \u00e0 Secretaria Jur\u00eddica (SEJ), por meio de seus \u00f3rg\u00e3os auxiliares, as atividades de consultoria e assessoramento jur\u00eddico do Poder Executivo, a representa\u00e7\u00e3o judicial do Munic\u00edpio, a inscri\u00e7\u00e3o e a cobran\u00e7a judicial e extrajudicial da d\u00edvida ativa e o processamento dos feitos relativos ao patrim\u00f4nio municipal im\u00f3vel. &nbsp; Clique nas imagens abaixo para&nbsp; <a href=\"https:\/\/juridico.sorocaba.sp.gov.br\/pgm\/organograma-e-atribuicoes\/\">&hellip; Leia mais<\/a><\/p>\n","protected":false},"author":48,"featured_media":0,"parent":0,"menu_order":0,"comment_status":"closed","ping_status":"closed","template":"","meta":{"footnotes":""},"class_list":["post-469","page","type-page","status-publish","hentry"],"_links":{"self":[{"href":"https:\/\/juridico.sorocaba.sp.gov.br\/pgm\/wp-json\/wp\/v2\/pages\/469","targetHints":{"allow":["GET"]}}],"collection":[{"href":"https:\/\/juridico.sorocaba.sp.gov.br\/pgm\/wp-json\/wp\/v2\/pages"}],"about":[{"href":"https:\/\/juridico.sorocaba.sp.gov.br\/pgm\/wp-json\/wp\/v2\/types\/page"}],"author":[{"embeddable":true,"href":"https:\/\/juridico.sorocaba.sp.gov.br\/pgm\/wp-json\/wp\/v2\/users\/48"}],"replies":[{"embeddable":true,"href":"https:\/\/juridico.sorocaba.sp.gov.br\/pgm\/wp-json\/wp\/v2\/comments?post=469"}],"version-history":[{"count":53,"href":"https:\/\/juridico.sorocaba.sp.gov.br\/pgm\/wp-json\/wp\/v2\/pages\/469\/revisions"}],"predecessor-version":[{"id":1661,"href":"https:\/\/juridico.sorocaba.sp.gov.br\/pgm\/wp-json\/wp\/v2\/pages\/469\/revisions\/1661"}],"wp:attachment":[{"href":"https:\/\/juridico.sorocaba.sp.gov.br\/pgm\/wp-json\/wp\/v2\/media?parent=469"}],"curies":[{"name":"wp","href":"https:\/\/api.w.org\/{rel}","templated":true}]}}