{"id":33,"date":"2022-07-08T18:36:39","date_gmt":"2022-07-08T21:36:39","guid":{"rendered":"http:\/\/juridico.sorocaba.sp.gov.br\/pgm\/?page_id=33"},"modified":"2025-08-26T16:51:28","modified_gmt":"2025-08-26T19:51:28","slug":"boletins-de-jurisprudencia","status":"publish","type":"page","link":"https:\/\/juridico.sorocaba.sp.gov.br\/pgm\/boletins-de-jurisprudencia\/","title":{"rendered":"Boletins de Jurisprud\u00eancia"},"content":{"rendered":"<p style=\"font-size: 16px\">Boletins produzidos\u00a0quinzenalmente pela PGM contendo os julgados mais relevantes para a Administra\u00e7\u00e3o P\u00fablica municipal.<\/p>\n<p style=\"font-size: 16px\"><a href=\"http:\/\/juridico.sorocaba.sp.gov.br\/pgm\/wp-content\/uploads\/sites\/3\/2022\/07\/destaques-boletim-80-3.pdf\"><img loading=\"lazy\" decoding=\"async\" class=\"alignnone wp-image-1573\" src=\"http:\/\/juridico.sorocaba.sp.gov.br\/pgm\/wp-content\/uploads\/sites\/3\/2022\/07\/divulgaco-agenda-aberta-minimalista-fotografico-dourado-maquiadoras-story-do-instagram-210-x-150-mm-1-1-420x300.jpg\" alt=\"Divulga\u00e7\u00e3o agenda aberta minimalista fotogr\u00e1fico dourado maquiadoras story do instagram (210 x 150 mm) (1)\" width=\"300\" height=\"214\" srcset=\"https:\/\/juridico.sorocaba.sp.gov.br\/pgm\/wp-content\/uploads\/sites\/3\/2022\/07\/divulgaco-agenda-aberta-minimalista-fotografico-dourado-maquiadoras-story-do-instagram-210-x-150-mm-1-1-420x300.jpg 420w, https:\/\/juridico.sorocaba.sp.gov.br\/pgm\/wp-content\/uploads\/sites\/3\/2022\/07\/divulgaco-agenda-aberta-minimalista-fotografico-dourado-maquiadoras-story-do-instagram-210-x-150-mm-1-1-768x549.jpg 768w, https:\/\/juridico.sorocaba.sp.gov.br\/pgm\/wp-content\/uploads\/sites\/3\/2022\/07\/divulgaco-agenda-aberta-minimalista-fotografico-dourado-maquiadoras-story-do-instagram-210-x-150-mm-1-1-970x693.jpg 970w\" sizes=\"auto, (max-width: 300px) 100vw, 300px\" \/><\/a><\/p>\n<p><span style=\"color: #008080\">\u25ba<\/span>\u00a0<a href=\"http:\/\/juridico.sorocaba.sp.gov.br\/pgm\/wp-content\/uploads\/sites\/3\/2022\/07\/80-jurisprudencia-semanal-stf-1132-1133-e-1134-stj-810-e-811-tse-8-e-9-tst-290-e-291-tcu-495-e-496-tce-36-1.pdf\">Clique aqui para conferir a 80\u00aa edi\u00e7\u00e3o do Boletim de Jurisprud\u00eancia na \u00edntegra<\/a>.<\/p>\n<p>&nbsp;<\/p>\n<p>As edi\u00e7\u00f5es anteriores podem ser solicitadas ao Centro de Apoio \u00e0 PGM (<strong><span style=\"color: #000080\"><a style=\"color: #000080\" href=\"mailto:capgm@sorocaba.sp.gov.br\">capgm@sorocaba.sp.gov.br<\/a><\/span><\/strong>)\u00a0ou acessados via sistema<strong><span style=\"color: #000080\"><a style=\"color: #000080\" href=\"http:\/\/juridico.sorocaba.sp.gov.br\/pgm\/160-2\/\"> Alfresco<\/a>\u00a0<\/span><\/strong>(intranet).<\/p>\n<p>&nbsp;<\/p>\n<p><strong>\u00daltimos boletins:<\/strong><\/p>\n<div style=\"width:100%;margin:10px 0 10px 0;\"><h3>Anexos<\/h3>\r\n        <ul class=\"post-attachments\"><li class=\"post-attachment mime-application-pdf\"><a href=\"https:\/\/juridico.sorocaba.sp.gov.br\/pgm\/wp-content\/uploads\/sites\/3\/2022\/07\/boletim-de-jurisprudencia-n-84-stf-1142-e-1143-stj-818-e-819-tse-15-e-16-tst-298-tcu-503-tce-40-revisado.pdf\">Boletim de Jurisprud\u00eancia n\u00ba 84 - STF 1142 E 1143, STJ 818 E 819, TSE 15 E 16 , TST 298 , TCU 503 , TCE 40. REVISADO<\/a> (670.96 KB)<\/li><li class=\"post-attachment mime-application-pdf\"><a href=\"https:\/\/juridico.sorocaba.sp.gov.br\/pgm\/wp-content\/uploads\/sites\/3\/2022\/07\/boletim-de-jurisprudencia-n-83-stf-1140-e-1141-stj-816-e-817-tse-14-tst-296-e-267-tcu-501-e-502-tce-39-revisado.pdf\">Boletim de Jurisprud\u00eancia n\u00ba 83 - STF 1140 E 1141, STJ 816 E 817, TSE 14, TST 296 E 267, TCU 501 E 502, TCE 39. REVISADO.<\/a> (621.07 KB)<\/li><li class=\"post-attachment mime-application-pdf\"><a href=\"https:\/\/juridico.sorocaba.sp.gov.br\/pgm\/wp-content\/uploads\/sites\/3\/2022\/07\/82-boletim-de-jurisprudencia-stf-1137-e-1138-stj-814-e-815-tse-12-e-13-tst-294-e-295-tcu-49.pdf\">82. Boletim de Jurisprud\u00eancia - STF 1137 e 1138 , STJ 814 e 815 , TSE 12 e 13 , TST 294 e 295, TCU 49.<\/a> (549.2 KB)<\/li><li class=\"post-attachment mime-application-pdf\"><a href=\"https:\/\/juridico.sorocaba.sp.gov.br\/pgm\/wp-content\/uploads\/sites\/3\/2022\/07\/81-jurisprudencia-semanal-stf-1135-e-1136-stj-812-e-813-tse-10-e-11-tst-292-e-293-tcu-497-e-498-tce-37.pdf\">81. Jurisprud\u00eancia semanal - STF 1135 e 1136 , STJ 812 e 813 , TSE 10 e 11 , TST 292 e 293, TCU 497 e 498 , TCE 37<\/a> (591.47 KB)<\/li><li class=\"post-attachment mime-application-pdf\"><a href=\"https:\/\/juridico.sorocaba.sp.gov.br\/pgm\/wp-content\/uploads\/sites\/3\/2022\/07\/80-jurisprudencia-semanal-stf-1132-1133-e-1134-stj-810-e-811-tse-8-e-9-tst-290-e-291-tcu-495-e-496-tce-36-1.pdf\">80. Jurisprud\u00eancia semanal - STF 1132, 1133 e 1134, STJ 810 e 811, TSE 8 e 9 , TST 290 e 291 , TCU 495 e 496 , TCE 36<\/a> (830.58 KB)<\/li><li class=\"post-attachment mime-application-pdf\"><a href=\"https:\/\/juridico.sorocaba.sp.gov.br\/pgm\/wp-content\/uploads\/sites\/3\/2022\/07\/79-jurisprudencia-quinzenal-stf-1130-e-1131-stj-808-e-809-tse-6-e-7-tst-288-e-289-tcu-493-e-494-tce-35.pdf\">79. Jurisprud\u00eancia quinzenal - STF 1130 e 1131, STJ 808 e 809 , TSE 6 e 7 , TST 288 e 289 , TCU 493 e 494, TCE 35<\/a> (656.27 KB)<\/li><\/ul><\/div>","protected":false},"excerpt":{"rendered":"<p>Boletins produzidos\u00a0quinzenalmente pela PGM contendo os julgados mais relevantes para a Administra\u00e7\u00e3o P\u00fablica municipal. \u25ba\u00a0Clique aqui para conferir a 80\u00aa edi\u00e7\u00e3o do Boletim de Jurisprud\u00eancia na \u00edntegra. &nbsp; As edi\u00e7\u00f5es anteriores podem ser solicitadas ao Centro de Apoio \u00e0 PGM (capgm@sorocaba.sp.gov.br)\u00a0ou acessados via sistema Alfresco\u00a0(intranet). &nbsp; \u00daltimos boletins: Anexos Boletim de Jurisprud\u00eancia n\u00ba 84 &#8211;&nbsp; <a href=\"https:\/\/juridico.sorocaba.sp.gov.br\/pgm\/boletins-de-jurisprudencia\/\">&hellip; Leia mais<\/a><\/p>\n","protected":false},"author":20,"featured_media":0,"parent":0,"menu_order":0,"comment_status":"closed","ping_status":"closed","template":"","meta":{"footnotes":""},"class_list":["post-33","page","type-page","status-publish","hentry"],"_links":{"self":[{"href":"https:\/\/juridico.sorocaba.sp.gov.br\/pgm\/wp-json\/wp\/v2\/pages\/33","targetHints":{"allow":["GET"]}}],"collection":[{"href":"https:\/\/juridico.sorocaba.sp.gov.br\/pgm\/wp-json\/wp\/v2\/pages"}],"about":[{"href":"https:\/\/juridico.sorocaba.sp.gov.br\/pgm\/wp-json\/wp\/v2\/types\/page"}],"author":[{"embeddable":true,"href":"https:\/\/juridico.sorocaba.sp.gov.br\/pgm\/wp-json\/wp\/v2\/users\/20"}],"replies":[{"embeddable":true,"href":"https:\/\/juridico.sorocaba.sp.gov.br\/pgm\/wp-json\/wp\/v2\/comments?post=33"}],"version-history":[{"count":51,"href":"https:\/\/juridico.sorocaba.sp.gov.br\/pgm\/wp-json\/wp\/v2\/pages\/33\/revisions"}],"predecessor-version":[{"id":1651,"href":"https:\/\/juridico.sorocaba.sp.gov.br\/pgm\/wp-json\/wp\/v2\/pages\/33\/revisions\/1651"}],"wp:attachment":[{"href":"https:\/\/juridico.sorocaba.sp.gov.br\/pgm\/wp-json\/wp\/v2\/media?parent=33"}],"curies":[{"name":"wp","href":"https:\/\/api.w.org\/{rel}","templated":true}]}}