{"id":31,"date":"2022-07-08T18:36:27","date_gmt":"2022-07-08T21:36:27","guid":{"rendered":"http:\/\/juridico.sorocaba.sp.gov.br\/pgm\/?page_id=31"},"modified":"2026-04-14T12:06:15","modified_gmt":"2026-04-14T15:06:15","slug":"boletins-de-legislacao","status":"publish","type":"page","link":"https:\/\/juridico.sorocaba.sp.gov.br\/pgm\/boletins-de-legislacao\/","title":{"rendered":"Boletins de Legisla\u00e7\u00e3o"},"content":{"rendered":"<p style=\"font-size: 16px\">Boletins produzidos semanalmente pela PGM contendo as principais novidades legislativas\u00a0para a Administra\u00e7\u00e3o P\u00fablica municipal.<\/p>\n<p>&nbsp;<\/p>\n<p style=\"font-size: 16px\"><strong>Clique nos anexos abaixo para acessar os \u00faltimos boletins.<\/strong><\/p>\n<p>&nbsp;<\/p>\n<p style=\"font-size: 16px\">Os boletins anteriores podem ser solicitados ao Centro de Apoio \u00e0 PGM (<strong><span style=\"color: #000080\"><a style=\"color: #000080\" href=\"mailto:capgm@sorocaba.sp.gov.br\">capgm@sorocaba.sp.gov.br<\/a><\/span><\/strong>)\u00a0ou acessados via sistema <strong><span style=\"color: #000080\"><a style=\"color: #000080\" href=\"http:\/\/juridico.sorocaba.sp.gov.br\/pgm\/160-2\/\">Alfresco<\/a><\/span>\u00a0<\/strong>(intranet).<\/p>\n<p>&nbsp;<\/p>\n<div style=\"width:100%;margin:10px 0 10px 0;\"><h3>Anexos<\/h3>\r\n        <ul class=\"post-attachments\"><li class=\"post-attachment mime-application-pdf\"><a href=\"https:\/\/juridico.sorocaba.sp.gov.br\/pgm\/wp-content\/uploads\/sites\/3\/2022\/07\/novidades-legislativas-n-206-abr2026-revisado.pdf\">Novidades legislativas n\u00ba 206 - Abr.2026. REVISADO<\/a> (159.52 KB)<\/li><li class=\"post-attachment mime-application-pdf\"><a href=\"https:\/\/juridico.sorocaba.sp.gov.br\/pgm\/wp-content\/uploads\/sites\/3\/2022\/07\/novidades-legislativas-n-205-mar2026-revisado.pdf\">Novidades legislativas n\u00ba 205 - Mar.2026. REVISADO<\/a> (141.46 KB)<\/li><li class=\"post-attachment mime-application-pdf\"><a href=\"https:\/\/juridico.sorocaba.sp.gov.br\/pgm\/wp-content\/uploads\/sites\/3\/2022\/07\/novidades-legislativas-n-204-mar2026-revisado.pdf\">Novidades legislativas n\u00ba 204 - Mar.2026. REVISADO<\/a> (116.26 KB)<\/li><li class=\"post-attachment mime-application-pdf\"><a href=\"https:\/\/juridico.sorocaba.sp.gov.br\/pgm\/wp-content\/uploads\/sites\/3\/2022\/07\/novidades-legislativas-n-203-mar2026-revisado.pdf\">Novidades legislativas n\u00ba 203 - Mar.2026. REVISADO<\/a> (122.62 KB)<\/li><li class=\"post-attachment mime-application-pdf\"><a href=\"https:\/\/juridico.sorocaba.sp.gov.br\/pgm\/wp-content\/uploads\/sites\/3\/2022\/07\/novidades-legislativas-n-202-fev2026-revisado.pdf\">Novidades legislativas n\u00ba 202 - Fev.2026. REVISADO<\/a> (114.85 KB)<\/li><\/ul><\/div>","protected":false},"excerpt":{"rendered":"<p>Boletins produzidos semanalmente pela PGM contendo as principais novidades legislativas\u00a0para a Administra\u00e7\u00e3o P\u00fablica municipal. &nbsp; Clique nos anexos abaixo para acessar os \u00faltimos boletins. &nbsp; Os boletins anteriores podem ser solicitados ao Centro de Apoio \u00e0 PGM (capgm@sorocaba.sp.gov.br)\u00a0ou acessados via sistema Alfresco\u00a0(intranet). &nbsp; Anexos Novidades legislativas n\u00ba 206 &#8211; Abr.2026. REVISADO (159.52 KB)Novidades legislativas n\u00ba&nbsp; <a href=\"https:\/\/juridico.sorocaba.sp.gov.br\/pgm\/boletins-de-legislacao\/\">&hellip; Leia mais<\/a><\/p>\n","protected":false},"author":20,"featured_media":0,"parent":0,"menu_order":0,"comment_status":"closed","ping_status":"closed","template":"","meta":{"footnotes":""},"class_list":["post-31","page","type-page","status-publish","hentry"],"_links":{"self":[{"href":"https:\/\/juridico.sorocaba.sp.gov.br\/pgm\/wp-json\/wp\/v2\/pages\/31","targetHints":{"allow":["GET"]}}],"collection":[{"href":"https:\/\/juridico.sorocaba.sp.gov.br\/pgm\/wp-json\/wp\/v2\/pages"}],"about":[{"href":"https:\/\/juridico.sorocaba.sp.gov.br\/pgm\/wp-json\/wp\/v2\/types\/page"}],"author":[{"embeddable":true,"href":"https:\/\/juridico.sorocaba.sp.gov.br\/pgm\/wp-json\/wp\/v2\/users\/20"}],"replies":[{"embeddable":true,"href":"https:\/\/juridico.sorocaba.sp.gov.br\/pgm\/wp-json\/wp\/v2\/comments?post=31"}],"version-history":[{"count":82,"href":"https:\/\/juridico.sorocaba.sp.gov.br\/pgm\/wp-json\/wp\/v2\/pages\/31\/revisions"}],"predecessor-version":[{"id":1729,"href":"https:\/\/juridico.sorocaba.sp.gov.br\/pgm\/wp-json\/wp\/v2\/pages\/31\/revisions\/1729"}],"wp:attachment":[{"href":"https:\/\/juridico.sorocaba.sp.gov.br\/pgm\/wp-json\/wp\/v2\/media?parent=31"}],"curies":[{"name":"wp","href":"https:\/\/api.w.org\/{rel}","templated":true}]}}