{"id":231,"date":"2022-07-21T15:04:30","date_gmt":"2022-07-21T18:04:30","guid":{"rendered":"http:\/\/juridico.sorocaba.sp.gov.br\/pgm\/?page_id=231"},"modified":"2024-11-22T13:18:24","modified_gmt":"2024-11-22T15:18:24","slug":"temas-selecionados","status":"publish","type":"page","link":"https:\/\/juridico.sorocaba.sp.gov.br\/pgm\/temas-selecionados\/","title":{"rendered":"Temas Selecionados de Direito P\u00fablico"},"content":{"rendered":"<p style=\"font-size: 16px\">A publica\u00e7\u00e3o <span style=\"color: #800000\"><strong><em>Temas Selecionados de Direito P\u00fablico<\/em><\/strong><\/span>\u00a0\u00e9 uma colet\u00e2nea de parte dos relat\u00f3rios de pesquisa jur\u00eddica elaborados pelo Centro Apoio \u00e0 Procuradoria-Geral do Munic\u00edpio de Sorocaba (CAPGM).<\/p>\n<p>&nbsp;<\/p>\n<p style=\"font-size: 16px\">As informa\u00e7\u00f5es coletadas foram extra\u00eddas principalmente da legisla\u00e7\u00e3o, literatura jur\u00eddica e jurisprud\u00eancia de diversos tribunais, sendo apresentadas por meio de cita\u00e7\u00f5es diretas e referenciadas.<\/p>\n<p>&nbsp;<\/p>\n<p style=\"font-size: 16px\"><strong>Clique nos anexos abaixo para acessar as publica\u00e7\u00f5es dos <em>Temas Selecionados\u00a0de Direito P\u00fablico<\/em>.<\/strong><\/p>\n<p>&nbsp;<\/p>\n<p style=\"font-size: 16px\"><span style=\"color: #800000\"><em><strong>\u25ba\u00a0<\/strong><\/em><em><strong><a style=\"color: #800000\" href=\"http:\/\/juridico.sorocaba.sp.gov.br\/pgm\/wp-content\/uploads\/sites\/3\/2022\/07\/temas-selecionados-de-direito-publico-n-7-2024.pdf\">Temas Selecionados de Direito P\u00fablico n. 7 (2024)<\/a><\/strong><\/em><\/span><\/p>\n<p><a href=\"http:\/\/juridico.sorocaba.sp.gov.br\/pgm\/wp-content\/uploads\/sites\/3\/2022\/07\/temas-selecionados-de-direito-publico-n-7-2024.pdf\"><img loading=\"lazy\" decoding=\"async\" class=\"alignnone wp-image-1138 size-medium\" src=\"http:\/\/juridico.sorocaba.sp.gov.br\/pgm\/wp-content\/uploads\/sites\/3\/2022\/07\/slide8-212x300.jpg\" alt=\"Slide8\" width=\"212\" height=\"300\" srcset=\"https:\/\/juridico.sorocaba.sp.gov.br\/pgm\/wp-content\/uploads\/sites\/3\/2022\/07\/slide8-212x300.jpg 212w, https:\/\/juridico.sorocaba.sp.gov.br\/pgm\/wp-content\/uploads\/sites\/3\/2022\/07\/slide8-768x1086.jpg 768w, https:\/\/juridico.sorocaba.sp.gov.br\/pgm\/wp-content\/uploads\/sites\/3\/2022\/07\/slide8-724x1024.jpg 724w, https:\/\/juridico.sorocaba.sp.gov.br\/pgm\/wp-content\/uploads\/sites\/3\/2022\/07\/slide8.jpg 1587w\" sizes=\"auto, (max-width: 212px) 100vw, 212px\" \/><\/a><\/p>\n<p style=\"font-size: 16px\"><span style=\"color: #800000\"><em><strong>\u25ba<span style=\"color: #800000\">\u00a0<a style=\"color: #800000\" href=\"http:\/\/juridico.sorocaba.sp.gov.br\/pgm\/wp-content\/uploads\/sites\/3\/2022\/07\/temas-selecionados-de-direito-publico-n-6-2023-2-ed.pdf\">Temas Selecionados de Direito P\u00fablico n. 6 (2023)<\/a><\/span><\/strong><\/em><\/span><\/p>\n<p><a href=\"http:\/\/juridico.sorocaba.sp.gov.br\/pgm\/wp-content\/uploads\/sites\/3\/2022\/07\/temas-selecionados-de-direito-publico-n-6-2023-2-ed.pdf\"><img loading=\"lazy\" decoding=\"async\" class=\"alignnone wp-image-1035 size-medium\" src=\"http:\/\/juridico.sorocaba.sp.gov.br\/pgm\/wp-content\/uploads\/sites\/3\/2022\/07\/temas-n-6-211x300.jpg\" alt=\"Temas n. 6\" width=\"211\" height=\"300\" srcset=\"https:\/\/juridico.sorocaba.sp.gov.br\/pgm\/wp-content\/uploads\/sites\/3\/2022\/07\/temas-n-6-211x300.jpg 211w, https:\/\/juridico.sorocaba.sp.gov.br\/pgm\/wp-content\/uploads\/sites\/3\/2022\/07\/temas-n-6.jpg 313w\" sizes=\"auto, (max-width: 211px) 100vw, 211px\" \/><\/a><\/p>\n<p>&nbsp;<\/p>\n<p style=\"font-size: 16px\"><span style=\"color: #800000\"><em><strong>\u25ba<span style=\"color: #800000\"> <a style=\"color: #800000\" href=\"http:\/\/juridico.sorocaba.sp.gov.br\/pgm\/wp-content\/uploads\/sites\/3\/2022\/07\/temas-selecionados-de-direito-publico-n-5-2023-2-ed.pdf\">Temas Selecionados de Direito P\u00fablico n. 5 (2023)<\/a><\/span><\/strong><\/em><\/span><\/p>\n<p><a href=\"http:\/\/juridico.sorocaba.sp.gov.br\/pgm\/wp-content\/uploads\/sites\/3\/2022\/07\/temas-selecionados-de-direito-publico-n-5-2023-2-ed.pdf\"><img loading=\"lazy\" decoding=\"async\" class=\"alignnone wp-image-1031 size-medium\" src=\"http:\/\/juridico.sorocaba.sp.gov.br\/pgm\/wp-content\/uploads\/sites\/3\/2022\/07\/temas-n-5-210x300.jpg\" alt=\"Temas n. 5\" width=\"210\" height=\"300\" srcset=\"https:\/\/juridico.sorocaba.sp.gov.br\/pgm\/wp-content\/uploads\/sites\/3\/2022\/07\/temas-n-5-210x300.jpg 210w, https:\/\/juridico.sorocaba.sp.gov.br\/pgm\/wp-content\/uploads\/sites\/3\/2022\/07\/temas-n-5.jpg 335w\" sizes=\"auto, (max-width: 210px) 100vw, 210px\" \/><\/a><\/p>\n<p>&nbsp;<\/p>\n<p style=\"font-size: 16px\"><span style=\"color: #800000\"><em><strong>\u25ba <span style=\"color: #800000\"><a style=\"color: #800000\" href=\"http:\/\/juridico.sorocaba.sp.gov.br\/pgm\/wp-content\/uploads\/sites\/3\/2022\/07\/temas-selecionados-de-direito-publico-n-4-2023-2-ed.pdf\">Temas Selecionados de Direito P\u00fablico n. 4 (2023)<\/a><\/span><\/strong><\/em><\/span><\/p>\n<p><a href=\"http:\/\/juridico.sorocaba.sp.gov.br\/pgm\/wp-content\/uploads\/sites\/3\/2022\/07\/temas-selecionados-de-direito-publico-n-4-2023-2-ed.pdf\"><img loading=\"lazy\" decoding=\"async\" class=\"alignnone wp-image-1027 size-medium\" src=\"http:\/\/juridico.sorocaba.sp.gov.br\/pgm\/wp-content\/uploads\/sites\/3\/2022\/07\/temas-n-4-212x300.jpg\" alt=\"Temas n. 4\" width=\"212\" height=\"300\" srcset=\"https:\/\/juridico.sorocaba.sp.gov.br\/pgm\/wp-content\/uploads\/sites\/3\/2022\/07\/temas-n-4-212x300.jpg 212w, https:\/\/juridico.sorocaba.sp.gov.br\/pgm\/wp-content\/uploads\/sites\/3\/2022\/07\/temas-n-4.jpg 368w\" sizes=\"auto, (max-width: 212px) 100vw, 212px\" \/><\/a><\/p>\n<p>&nbsp;<\/p>\n<p style=\"font-size: 16px\"><span style=\"color: #800000\"><em><strong>\u25ba<span style=\"color: #800000\">\u00a0<a style=\"color: #800000\" href=\"http:\/\/juridico.sorocaba.sp.gov.br\/pgm\/wp-content\/uploads\/sites\/3\/2022\/07\/temas-selecionados-de-direito-publico-n-3-2022-2-ed.pdf\">Temas Selecionados de Direito P\u00fablico n. 3 (2022)<\/a><\/span><\/strong><\/em><\/span><\/p>\n<p style=\"font-size: 16px\"><a href=\"http:\/\/juridico.sorocaba.sp.gov.br\/pgm\/wp-content\/uploads\/sites\/3\/2022\/07\/temas-selecionados-de-direito-publico-n-3-2022-2-ed.pdf\"><img loading=\"lazy\" decoding=\"async\" class=\"alignnone wp-image-1023 size-medium\" src=\"http:\/\/juridico.sorocaba.sp.gov.br\/pgm\/wp-content\/uploads\/sites\/3\/2022\/07\/temas-n-3-210x300.jpg\" alt=\"Temas n. 3\" width=\"210\" height=\"300\" srcset=\"https:\/\/juridico.sorocaba.sp.gov.br\/pgm\/wp-content\/uploads\/sites\/3\/2022\/07\/temas-n-3-210x300.jpg 210w, https:\/\/juridico.sorocaba.sp.gov.br\/pgm\/wp-content\/uploads\/sites\/3\/2022\/07\/temas-n-3.jpg 388w\" sizes=\"auto, (max-width: 210px) 100vw, 210px\" \/><\/a><\/p>\n<p>&nbsp;<\/p>\n<p style=\"font-size: 16px\"><span style=\"color: #800000\"><em><strong>\u25ba <span style=\"color: #800000\"><a style=\"color: #800000\" href=\"http:\/\/juridico.sorocaba.sp.gov.br\/pgm\/wp-content\/uploads\/sites\/3\/2022\/07\/temas-selecionados-de-direito-publico-n-2-2022-2-ed.pdf\">Temas Selecionados de Direito P\u00fablico n. 2 (2022)<\/a><\/span><\/strong><\/em><\/span><\/p>\n<p><a href=\"http:\/\/juridico.sorocaba.sp.gov.br\/pgm\/wp-content\/uploads\/sites\/3\/2022\/07\/temas-selecionados-de-direito-publico-n-2-2022-2-ed.pdf\"><img loading=\"lazy\" decoding=\"async\" class=\"alignnone wp-image-1018 size-medium\" src=\"http:\/\/juridico.sorocaba.sp.gov.br\/pgm\/wp-content\/uploads\/sites\/3\/2022\/07\/temas-n-2-211x300.jpg\" alt=\"Temas n. 2\" width=\"211\" height=\"300\" srcset=\"https:\/\/juridico.sorocaba.sp.gov.br\/pgm\/wp-content\/uploads\/sites\/3\/2022\/07\/temas-n-2-211x300.jpg 211w, https:\/\/juridico.sorocaba.sp.gov.br\/pgm\/wp-content\/uploads\/sites\/3\/2022\/07\/temas-n-2.jpg 251w\" sizes=\"auto, (max-width: 211px) 100vw, 211px\" \/><\/a><\/p>\n<p>&nbsp;<\/p>\n<p style=\"font-size: 16px\"><span style=\"color: #800000\"><em><strong>\u25ba\u00a0<span style=\"color: #800000\"><a style=\"color: #800000\" href=\"http:\/\/juridico.sorocaba.sp.gov.br\/pgm\/wp-content\/uploads\/sites\/3\/2022\/07\/temas-selecionados-de-direito-publico-n-1-2022-2-ed.pdf\">Temas Selecionados de Direito P\u00fablico n. 1 (2022)<\/a><\/span><\/strong><\/em><\/span><\/p>\n<p><a href=\"http:\/\/juridico.sorocaba.sp.gov.br\/pgm\/wp-content\/uploads\/sites\/3\/2022\/07\/temas-selecionados-de-direito-publico-n-1-2022-2-ed.pdf\"><img loading=\"lazy\" decoding=\"async\" class=\"alignnone wp-image-1013 size-medium\" src=\"http:\/\/juridico.sorocaba.sp.gov.br\/pgm\/wp-content\/uploads\/sites\/3\/2022\/07\/temas-n-1-210x300.jpg\" alt=\"Temas n. 1\" width=\"210\" height=\"300\" srcset=\"https:\/\/juridico.sorocaba.sp.gov.br\/pgm\/wp-content\/uploads\/sites\/3\/2022\/07\/temas-n-1-210x300.jpg 210w, https:\/\/juridico.sorocaba.sp.gov.br\/pgm\/wp-content\/uploads\/sites\/3\/2022\/07\/temas-n-1.jpg 335w\" sizes=\"auto, (max-width: 210px) 100vw, 210px\" \/><\/a><\/p>\n<p>&nbsp;<\/p>\n<div style=\"width:100%;margin:10px 0 10px 0;\"><h3>Anexos<\/h3>\r\n        <ul class=\"post-attachments\"><li class=\"post-attachment mime-application-pdf\"><a href=\"https:\/\/juridico.sorocaba.sp.gov.br\/pgm\/wp-content\/uploads\/sites\/3\/2022\/07\/temas-selecionados-de-direito-publico-n-7-2024.pdf\">Temas Selecionados de Direito P\u00fablico n. 7 (2024)<\/a> (2.75 MB)<\/li><li class=\"post-attachment mime-application-pdf\"><a href=\"https:\/\/juridico.sorocaba.sp.gov.br\/pgm\/wp-content\/uploads\/sites\/3\/2022\/07\/temas-selecionados-de-direito-publico-n-6-2023-2-ed.pdf\">Temas Selecionados de Direito P\u00fablico n. 6 (2023, 2. ed)<\/a> (2.49 MB)<\/li><li class=\"post-attachment mime-application-pdf\"><a href=\"https:\/\/juridico.sorocaba.sp.gov.br\/pgm\/wp-content\/uploads\/sites\/3\/2022\/07\/temas-selecionados-de-direito-publico-n-5-2023-2-ed.pdf\">Temas Selecionados de Direito P\u00fablico n. 5 (2023, 2. ed)<\/a> (1.28 MB)<\/li><li class=\"post-attachment mime-application-pdf\"><a href=\"https:\/\/juridico.sorocaba.sp.gov.br\/pgm\/wp-content\/uploads\/sites\/3\/2022\/07\/temas-selecionados-de-direito-publico-n-4-2023-2-ed.pdf\">Temas Selecionados de Direito P\u00fablico n. 4 (2023, 2. ed)<\/a> (1.82 MB)<\/li><li class=\"post-attachment mime-application-pdf\"><a href=\"https:\/\/juridico.sorocaba.sp.gov.br\/pgm\/wp-content\/uploads\/sites\/3\/2022\/07\/temas-selecionados-de-direito-publico-n-3-2022-2-ed.pdf\">Temas Selecionados de Direito P\u00fablico n. 3 (2022, 2. ed)<\/a> (2.47 MB)<\/li><li class=\"post-attachment mime-application-pdf\"><a href=\"https:\/\/juridico.sorocaba.sp.gov.br\/pgm\/wp-content\/uploads\/sites\/3\/2022\/07\/temas-selecionados-de-direito-publico-n-2-2022-2-ed.pdf\">Temas Selecionados de Direito P\u00fablico n. 2 (2022, 2. ed)<\/a> (1.52 MB)<\/li><li class=\"post-attachment mime-application-pdf\"><a href=\"https:\/\/juridico.sorocaba.sp.gov.br\/pgm\/wp-content\/uploads\/sites\/3\/2022\/07\/temas-selecionados-de-direito-publico-n-1-2022-2-ed.pdf\">Temas Selecionados de Direito P\u00fablico n. 1 (2022, 2. ed)<\/a> (2.94 MB)<\/li><\/ul><\/div>","protected":false},"excerpt":{"rendered":"<p>A publica\u00e7\u00e3o Temas Selecionados de Direito P\u00fablico\u00a0\u00e9 uma colet\u00e2nea de parte dos relat\u00f3rios de pesquisa jur\u00eddica elaborados pelo Centro Apoio \u00e0 Procuradoria-Geral do Munic\u00edpio de Sorocaba (CAPGM). &nbsp; As informa\u00e7\u00f5es coletadas foram extra\u00eddas principalmente da legisla\u00e7\u00e3o, literatura jur\u00eddica e jurisprud\u00eancia de diversos tribunais, sendo apresentadas por meio de cita\u00e7\u00f5es diretas e referenciadas. &nbsp; Clique nos&nbsp; <a href=\"https:\/\/juridico.sorocaba.sp.gov.br\/pgm\/temas-selecionados\/\">&hellip; Leia mais<\/a><\/p>\n","protected":false},"author":48,"featured_media":0,"parent":0,"menu_order":0,"comment_status":"closed","ping_status":"closed","template":"","meta":{"footnotes":""},"class_list":["post-231","page","type-page","status-publish","hentry"],"_links":{"self":[{"href":"https:\/\/juridico.sorocaba.sp.gov.br\/pgm\/wp-json\/wp\/v2\/pages\/231","targetHints":{"allow":["GET"]}}],"collection":[{"href":"https:\/\/juridico.sorocaba.sp.gov.br\/pgm\/wp-json\/wp\/v2\/pages"}],"about":[{"href":"https:\/\/juridico.sorocaba.sp.gov.br\/pgm\/wp-json\/wp\/v2\/types\/page"}],"author":[{"embeddable":true,"href":"https:\/\/juridico.sorocaba.sp.gov.br\/pgm\/wp-json\/wp\/v2\/users\/48"}],"replies":[{"embeddable":true,"href":"https:\/\/juridico.sorocaba.sp.gov.br\/pgm\/wp-json\/wp\/v2\/comments?post=231"}],"version-history":[{"count":43,"href":"https:\/\/juridico.sorocaba.sp.gov.br\/pgm\/wp-json\/wp\/v2\/pages\/231\/revisions"}],"predecessor-version":[{"id":1328,"href":"https:\/\/juridico.sorocaba.sp.gov.br\/pgm\/wp-json\/wp\/v2\/pages\/231\/revisions\/1328"}],"wp:attachment":[{"href":"https:\/\/juridico.sorocaba.sp.gov.br\/pgm\/wp-json\/wp\/v2\/media?parent=231"}],"curies":[{"name":"wp","href":"https:\/\/api.w.org\/{rel}","templated":true}]}}