{"id":203,"date":"2022-07-14T20:55:59","date_gmt":"2022-07-14T23:55:59","guid":{"rendered":"http:\/\/juridico.sorocaba.sp.gov.br\/pgm\/?page_id=203"},"modified":"2024-04-26T20:32:10","modified_gmt":"2024-04-26T23:32:10","slug":"centro-de-apoio-a-pgm-consultas","status":"publish","type":"page","link":"https:\/\/juridico.sorocaba.sp.gov.br\/pgm\/centro-de-apoio-a-pgm-consultas\/","title":{"rendered":"Consultas ao CAPGM"},"content":{"rendered":"<p style=\"font-size: 16px;text-align: justify\">O Centro de Apoio \u00e0 Procuradoria-Geral do Munic\u00edpio (CAPGM) possui como uma de suas atribui\u00e7\u00f5es\u00a0efetuar pesquisas jur\u00eddicas solicitadas pelos Procuradores do Munic\u00edpio.<\/p>\n<p>&nbsp;<\/p>\n<p style=\"font-size: 16px;text-align: justify\">Para consultas ao CAPGM, <span lang=\"pt-BR\">o Procurador interessado deve enviar e-mail para <\/span><span style=\"color: #000080\"><a style=\"color: #000080\" href=\"mailto:capgm@sorocaba.sp.gov.br\">capgm@sorocaba.sp.gov.br<\/a><\/span><span lang=\"pt-BR\"> indicando, <\/span><span lang=\"pt-BR\">preferencialmente<\/span><span lang=\"pt-BR\">, os seguintes par\u00e2metros de pesquisa <\/span><span lang=\"pt-BR\">(no corpo do e-mail ou em arquivo pr\u00f3prio)<\/span><span lang=\"pt-BR\">:<\/span><\/p>\n<hr \/>\n<table style=\"height: 643px\" width=\"595\" cellspacing=\"0\" cellpadding=\"4\">\n<colgroup>\n<col width=\"133\" \/>\n<col width=\"446\" \/><\/colgroup>\n<tbody>\n<tr>\n<td colspan=\"2\" valign=\"top\" width=\"587\">\n<h4 class=\"EnlighterJSRAW enlighter-origin\" style=\"font-family: calibri\"><span style=\"color: #002060\"><strong>F<\/strong><strong>ormul\u00e1rio de solicita\u00e7\u00e3o de pesquisa jur\u00eddica \u2013\u00a0CAPGM <\/strong><\/span><\/h4>\n<\/td>\n<\/tr>\n<tr valign=\"top\">\n<td width=\"133\">\n<h4 style=\"text-align: left\" align=\"justify\"><span style=\"font-family: calibri;color: #002060\"><strong>1.\u00a0<span lang=\"pt-BR\">Pesquisa solicitada<\/span>:<\/strong><\/span><\/h4>\n<\/td>\n<td width=\"446\">\n<h4 align=\"justify\"><span style=\"font-family: calibri;color: #002060\">Indicar qual o problema central a ser pesquisado.<\/span><\/h4>\n<\/td>\n<\/tr>\n<tr valign=\"top\">\n<td width=\"133\">\n<h4 style=\"text-align: left\" align=\"justify\"><span style=\"font-family: calibri;color: #002060\"><strong>2. <span lang=\"pt-BR\">Disciplina<\/span>:<\/strong><\/span><\/h4>\n<\/td>\n<td width=\"446\">\n<h4 style=\"text-align: left\" align=\"justify\"><span style=\"font-family: calibri;color: #002060\"><span lang=\"pt-BR\">\u00c1<\/span>rea do Direito relacionada \u00e0 pesquisa.<\/span><\/h4>\n<h4 style=\"text-align: left\" align=\"justify\"><span style=\"font-family: calibri;color: #002060\"><span lang=\"pt-BR\">(Direito Constitucional, <\/span><span lang=\"pt-BR\">Administrativo, <\/span><span lang=\"pt-BR\">Tribut\u00e1rio etc.)<\/span><\/span><\/h4>\n<\/td>\n<\/tr>\n<tr valign=\"top\">\n<td width=\"133\">\n<h4 style=\"text-align: left\" align=\"justify\"><span style=\"font-family: calibri;color: #002060\"><strong>3. <span lang=\"pt-BR\">Assunto<\/span>:<\/strong><\/span><\/h4>\n<\/td>\n<td width=\"446\">\n<h4 align=\"justify\"><span style=\"font-family: calibri;color: #002060\"><span lang=\"pt-BR\">S<\/span>ub\u00e1rea relacionada \u00e0 disciplina, se houver.<\/span><\/h4>\n<h4 align=\"justify\"><span style=\"font-family: calibri;color: #002060\">(Controle de constitucionalidade, <span lang=\"pt-BR\">agentes p\u00fablicos<\/span> etc.)<\/span><\/h4>\n<\/td>\n<\/tr>\n<tr valign=\"top\">\n<td width=\"133\">\n<h4 style=\"text-align: left\" align=\"justify\"><span style=\"font-family: calibri;color: #002060\"><strong>4. Palavras-chave:<\/strong><\/span><\/h4>\n<\/td>\n<td width=\"446\">\n<h4 align=\"justify\"><span style=\"font-family: calibri;color: #002060\"><span lang=\"pt-BR\">Indicar<\/span> <span lang=\"pt-BR\">as principai<\/span><span lang=\"pt-BR\">s <\/span><span lang=\"pt-BR\">palavras<\/span> para fins de pesquisas jurisprudenciais, se poss\u00edvel.<\/span><\/h4>\n<\/td>\n<\/tr>\n<tr valign=\"top\">\n<td width=\"133\">\n<h4 style=\"text-align: left\" align=\"justify\"><span style=\"font-family: calibri;color: #002060\"><strong>5. Leis e julgados <\/strong><\/span><\/h4>\n<h4 style=\"text-align: left\" align=\"justify\"><span style=\"font-family: calibri;color: #002060\"><strong>de refer\u00eancia:<\/strong><\/span><\/h4>\n<\/td>\n<td width=\"446\">\n<h4 align=\"justify\"><span style=\"font-family: calibri;color: #002060\"><span lang=\"pt-BR\">I<\/span>ndicar as leis (nacionais e\/ou locais) e principais julgados relacionados \u00e0 pesquisa, se houver.<\/span><\/h4>\n<\/td>\n<\/tr>\n<\/tbody>\n<\/table>\n<hr \/>\n<p style=\"font-size: 16px;text-align: justify\">Embora n\u00e3o seja obrigat\u00f3rio que o Procurador indique todos os par\u00e2metros acima, quanto mais par\u00e2metros de pesquisa forem apontados, mais preciso tende a ser o relat\u00f3rio elaborado.<\/p>\n<p>&nbsp;<\/p>\n<p style=\"font-size: 16px;text-align: justify\">A tabela acima pode ser copiada e utilizada pelos Procuradores nas consultas efetuadas ao CAPGM.<\/p>\n<p>&nbsp;<\/p>\n<p style=\"font-size: 16px;text-align: justify\">Por fim, as atividades do CAPGM s\u00e3o regulamentadas pelo <a style=\"font-size: 16px\" href=\"https:\/\/leismunicipais.com.br\/a1\/sp\/s\/sorocaba\/decreto\/2021\/2636\/26356\/decreto-n-26356-2021-dispoe-sobre-o-centro-de-apoio-a-procuradoria-geral-do-municipio-capgm-e-da-outras-providencias?q=%22centro%20de%20apoio%22\">Decreto 26.356\/2021<\/a>, devendo os Procuradores se atentar para as disposi\u00e7\u00f5es contidas especialmente nos artigos 3\u00ba e 4\u00ba.<\/p>\n<p>&nbsp;<\/p>\n","protected":false},"excerpt":{"rendered":"<p>O Centro de Apoio \u00e0 Procuradoria-Geral do Munic\u00edpio (CAPGM) possui como uma de suas atribui\u00e7\u00f5es\u00a0efetuar pesquisas jur\u00eddicas solicitadas pelos Procuradores do Munic\u00edpio. &nbsp; Para consultas ao CAPGM, o Procurador interessado deve enviar e-mail para capgm@sorocaba.sp.gov.br indicando, preferencialmente, os seguintes par\u00e2metros de pesquisa (no corpo do e-mail ou em arquivo pr\u00f3prio): Formul\u00e1rio de solicita\u00e7\u00e3o de pesquisa&nbsp; <a href=\"https:\/\/juridico.sorocaba.sp.gov.br\/pgm\/centro-de-apoio-a-pgm-consultas\/\">&hellip; Leia mais<\/a><\/p>\n","protected":false},"author":33,"featured_media":0,"parent":0,"menu_order":0,"comment_status":"closed","ping_status":"closed","template":"","meta":{"footnotes":""},"class_list":["post-203","page","type-page","status-publish","hentry"],"_links":{"self":[{"href":"https:\/\/juridico.sorocaba.sp.gov.br\/pgm\/wp-json\/wp\/v2\/pages\/203","targetHints":{"allow":["GET"]}}],"collection":[{"href":"https:\/\/juridico.sorocaba.sp.gov.br\/pgm\/wp-json\/wp\/v2\/pages"}],"about":[{"href":"https:\/\/juridico.sorocaba.sp.gov.br\/pgm\/wp-json\/wp\/v2\/types\/page"}],"author":[{"embeddable":true,"href":"https:\/\/juridico.sorocaba.sp.gov.br\/pgm\/wp-json\/wp\/v2\/users\/33"}],"replies":[{"embeddable":true,"href":"https:\/\/juridico.sorocaba.sp.gov.br\/pgm\/wp-json\/wp\/v2\/comments?post=203"}],"version-history":[{"count":26,"href":"https:\/\/juridico.sorocaba.sp.gov.br\/pgm\/wp-json\/wp\/v2\/pages\/203\/revisions"}],"predecessor-version":[{"id":833,"href":"https:\/\/juridico.sorocaba.sp.gov.br\/pgm\/wp-json\/wp\/v2\/pages\/203\/revisions\/833"}],"wp:attachment":[{"href":"https:\/\/juridico.sorocaba.sp.gov.br\/pgm\/wp-json\/wp\/v2\/media?parent=203"}],"curies":[{"name":"wp","href":"https:\/\/api.w.org\/{rel}","templated":true}]}}