{"id":160,"date":"2022-07-14T19:18:54","date_gmt":"2022-07-14T22:18:54","guid":{"rendered":"http:\/\/juridico.sorocaba.sp.gov.br\/pgm\/?page_id=160"},"modified":"2024-04-26T20:57:44","modified_gmt":"2024-04-26T23:57:44","slug":"sistema-alfresco","status":"publish","type":"page","link":"https:\/\/juridico.sorocaba.sp.gov.br\/pgm\/sistema-alfresco\/","title":{"rendered":"Sistema Alfresco"},"content":{"rendered":"<p style=\"font-size: 16px;text-align: justify\">O sistema de gest\u00e3o de conte\u00fado &#8220;Alfresco&#8221; permite aos Procuradores do Munic\u00edpio acessar a base de dados e buscar pareceres, boletins e relat\u00f3rios produzidos pela Procuradoria-Geral do Munic\u00edpio (PGM).<\/p>\n<p>&nbsp;<\/p>\n<p style=\"font-size: 16px;text-align: justify\">O acesso ao sistema Alfresco se d\u00e1 somente pela rede interna da Prefeitura ou via VPN, pelo seguinte endere\u00e7o:<\/p>\n<p>&nbsp;<\/p>\n<p style=\"font-size: 16px\"><span style=\"color: #000080\"><strong><a style=\"color: #000080\" href=\"http:\/\/arquivos.sorocaba.sp.gov.br:8080\/share\">http:\/\/arquivos.sorocaba.sp.gov.br:8080\/share<\/a><\/strong>.<\/span><\/p>\n<p>&nbsp;<\/p>\n<p style=\"font-size: 16px;text-align: justify\"><strong>Para o primeiro acesso ao sistema Alfresco (Procuradores), clique no anexo abaixo\u00a0e siga os passos contidos no tutorial.<\/strong><\/p>\n<p>&nbsp;<\/p>\n<div style=\"width:100%;margin:10px 0 10px 0;\"><h3>Anexos<\/h3>\r\n        <ul class=\"post-attachments\"><li class=\"post-attachment mime-application-pdf\"><a href=\"https:\/\/juridico.sorocaba.sp.gov.br\/pgm\/wp-content\/uploads\/sites\/3\/2022\/07\/alfresco-site-pgm-tutorial-de-acesso.pdf\">Alfresco - Site PGM - Tutorial de acesso<\/a> (341.76 KB)<\/li><\/ul><\/div>","protected":false},"excerpt":{"rendered":"<p>O sistema de gest\u00e3o de conte\u00fado &#8220;Alfresco&#8221; permite aos Procuradores do Munic\u00edpio acessar a base de dados e buscar pareceres, boletins e relat\u00f3rios produzidos pela Procuradoria-Geral do Munic\u00edpio (PGM). &nbsp; O acesso ao sistema Alfresco se d\u00e1 somente pela rede interna da Prefeitura ou via VPN, pelo seguinte endere\u00e7o: &nbsp; http:\/\/arquivos.sorocaba.sp.gov.br:8080\/share. &nbsp; Para o primeiro&nbsp; <a href=\"https:\/\/juridico.sorocaba.sp.gov.br\/pgm\/sistema-alfresco\/\">&hellip; Leia mais<\/a><\/p>\n","protected":false},"author":33,"featured_media":0,"parent":0,"menu_order":0,"comment_status":"closed","ping_status":"closed","template":"","meta":{"footnotes":""},"class_list":["post-160","page","type-page","status-publish","hentry"],"_links":{"self":[{"href":"https:\/\/juridico.sorocaba.sp.gov.br\/pgm\/wp-json\/wp\/v2\/pages\/160","targetHints":{"allow":["GET"]}}],"collection":[{"href":"https:\/\/juridico.sorocaba.sp.gov.br\/pgm\/wp-json\/wp\/v2\/pages"}],"about":[{"href":"https:\/\/juridico.sorocaba.sp.gov.br\/pgm\/wp-json\/wp\/v2\/types\/page"}],"author":[{"embeddable":true,"href":"https:\/\/juridico.sorocaba.sp.gov.br\/pgm\/wp-json\/wp\/v2\/users\/33"}],"replies":[{"embeddable":true,"href":"https:\/\/juridico.sorocaba.sp.gov.br\/pgm\/wp-json\/wp\/v2\/comments?post=160"}],"version-history":[{"count":28,"href":"https:\/\/juridico.sorocaba.sp.gov.br\/pgm\/wp-json\/wp\/v2\/pages\/160\/revisions"}],"predecessor-version":[{"id":915,"href":"https:\/\/juridico.sorocaba.sp.gov.br\/pgm\/wp-json\/wp\/v2\/pages\/160\/revisions\/915"}],"wp:attachment":[{"href":"https:\/\/juridico.sorocaba.sp.gov.br\/pgm\/wp-json\/wp\/v2\/media?parent=160"}],"curies":[{"name":"wp","href":"https:\/\/api.w.org\/{rel}","templated":true}]}}